{"id":25010,"date":"2025-08-01T18:29:36","date_gmt":"2025-08-01T16:29:36","guid":{"rendered":"https:\/\/uj.adatbank.ro\/lexikon\/termek\/zajzon-janos-uzoni\/"},"modified":"2025-08-01T18:29:36","modified_gmt":"2025-08-01T16:29:36","slug":"zajzon-janos-uzoni","status":"publish","type":"product","link":"https:\/\/uj.adatbank.ro\/lexikon\/termek\/zajzon-janos-uzoni\/","title":{"rendered":"ZAJZON J\u00e1nos, uzoni"},"content":{"rendered":"<p>Mez\u0151panit, 1888., \u2020\u00a0?: gazd\u00e1lkod\u00f3. \u2013 Mv.-en a ref. Koll.-ban v\u00e9gezte iskol\u00e1it, majd a csal\u00e1di birtokon tanult gazd\u00e1lkodni, \u00f6n\u00e1ll\u00f3 gazda lett (1910\u2013). Az els\u0151 vh.-ban a szerb \u00e9s olasz fronton harcolt, megsebes\u00fclt, mint \u0151rvezet\u0151 szerelt le. A Tejsz\u00f6v. tagja, k\u00f6zs\u00e9gi esk\u00fcdt, a Hangya fel\u00fcgyel\u0151. biz. tagja \u00e9s presbiter volt. <br \/><strong>\u2013 Irod.:<\/strong> Mez\u0151panit; Sz\u00e9kelyf\u00f6ld \u00ed. k.<\/br><\/p>\n","protected":false},"excerpt":{"rendered":"<p>Mez\u0151panit, 1888., \u2020\u00a0?: gazd\u00e1lkod\u00f3. \u2013 Mv.-en a ref. Koll.-ban v\u00e9gezte iskol\u00e1it, majd a csal\u00e1di birtokon tanult gazd\u00e1lkodni, \u00f6n\u00e1ll\u00f3 gazda lett (1910\u2013). Az els\u0151 vh.-ban a szerb \u00e9s olasz fronton harcolt, megsebes\u00fclt, mint \u0151rvezet\u0151 szerelt le. A Tejsz\u00f6v. tagja, k\u00f6zs\u00e9gi esk\u00fcdt, a Hangya fel\u00fcgyel\u0151. biz. tagja \u00e9s presbiter volt. \u2013 Irod.: Mez\u0151panit; Sz\u00e9kelyf\u00f6ld \u00ed. k.<\/p>\n","protected":false},"featured_media":0,"comment_status":"open","ping_status":"closed","template":"","meta":[],"product_brand":[],"product_cat":[137],"product_tag":[],"class_list":{"0":"post-25010","1":"product","2":"type-product","3":"status-publish","5":"product_cat-maros-megyei-eletrajzi-lexikon","7":"first","8":"instock","9":"shipping-taxable","10":"product-type-simple"},"_links":{"self":[{"href":"https:\/\/uj.adatbank.ro\/lexikon\/wp-json\/wp\/v2\/product\/25010","targetHints":{"allow":["GET"]}}],"collection":[{"href":"https:\/\/uj.adatbank.ro\/lexikon\/wp-json\/wp\/v2\/product"}],"about":[{"href":"https:\/\/uj.adatbank.ro\/lexikon\/wp-json\/wp\/v2\/types\/product"}],"replies":[{"embeddable":true,"href":"https:\/\/uj.adatbank.ro\/lexikon\/wp-json\/wp\/v2\/comments?post=25010"}],"wp:attachment":[{"href":"https:\/\/uj.adatbank.ro\/lexikon\/wp-json\/wp\/v2\/media?parent=25010"}],"wp:term":[{"taxonomy":"product_brand","embeddable":true,"href":"https:\/\/uj.adatbank.ro\/lexikon\/wp-json\/wp\/v2\/product_brand?post=25010"},{"taxonomy":"product_cat","embeddable":true,"href":"https:\/\/uj.adatbank.ro\/lexikon\/wp-json\/wp\/v2\/product_cat?post=25010"},{"taxonomy":"product_tag","embeddable":true,"href":"https:\/\/uj.adatbank.ro\/lexikon\/wp-json\/wp\/v2\/product_tag?post=25010"}],"curies":[{"name":"wp","href":"https:\/\/api.w.org\/{rel}","templated":true}]}}