{"id":25011,"date":"2025-08-01T18:29:38","date_gmt":"2025-08-01T16:29:38","guid":{"rendered":"https:\/\/uj.adatbank.ro\/lexikon\/termek\/zajzon-jeno-uzoni\/"},"modified":"2025-08-01T18:29:38","modified_gmt":"2025-08-01T16:29:38","slug":"zajzon-jeno-uzoni","status":"publish","type":"product","link":"https:\/\/uj.adatbank.ro\/lexikon\/termek\/zajzon-jeno-uzoni\/","title":{"rendered":"ZAJZON Jen\u0151, uzoni"},"content":{"rendered":"<p>Mez\u0151k\u00f6lp\u00e9ny, 1901., \u2020\u00a0?: gazd\u00e1lkod\u00f3. \u2013 Mv.-en v\u00e9gezte tanulm\u00e1nyait, majd \u00f6n\u00e1ll\u00f3 gazda lett (1918). A MP \u00e9s az EGE tagja volt. <br \/><strong>\u2013 Irod.:<\/strong> Sz\u00e9kelyf\u00f6ld \u00ed. k.<\/br><\/p>\n","protected":false},"excerpt":{"rendered":"<p>Mez\u0151k\u00f6lp\u00e9ny, 1901., \u2020\u00a0?: gazd\u00e1lkod\u00f3. \u2013 Mv.-en v\u00e9gezte tanulm\u00e1nyait, majd \u00f6n\u00e1ll\u00f3 gazda lett (1918). A MP \u00e9s az EGE tagja volt. \u2013 Irod.: Sz\u00e9kelyf\u00f6ld \u00ed. k.<\/p>\n","protected":false},"featured_media":0,"comment_status":"open","ping_status":"closed","template":"","meta":[],"product_brand":[],"product_cat":[137],"product_tag":[],"class_list":{"0":"post-25011","1":"product","2":"type-product","3":"status-publish","5":"product_cat-maros-megyei-eletrajzi-lexikon","7":"first","8":"instock","9":"shipping-taxable","10":"product-type-simple"},"_links":{"self":[{"href":"https:\/\/uj.adatbank.ro\/lexikon\/wp-json\/wp\/v2\/product\/25011","targetHints":{"allow":["GET"]}}],"collection":[{"href":"https:\/\/uj.adatbank.ro\/lexikon\/wp-json\/wp\/v2\/product"}],"about":[{"href":"https:\/\/uj.adatbank.ro\/lexikon\/wp-json\/wp\/v2\/types\/product"}],"replies":[{"embeddable":true,"href":"https:\/\/uj.adatbank.ro\/lexikon\/wp-json\/wp\/v2\/comments?post=25011"}],"wp:attachment":[{"href":"https:\/\/uj.adatbank.ro\/lexikon\/wp-json\/wp\/v2\/media?parent=25011"}],"wp:term":[{"taxonomy":"product_brand","embeddable":true,"href":"https:\/\/uj.adatbank.ro\/lexikon\/wp-json\/wp\/v2\/product_brand?post=25011"},{"taxonomy":"product_cat","embeddable":true,"href":"https:\/\/uj.adatbank.ro\/lexikon\/wp-json\/wp\/v2\/product_cat?post=25011"},{"taxonomy":"product_tag","embeddable":true,"href":"https:\/\/uj.adatbank.ro\/lexikon\/wp-json\/wp\/v2\/product_tag?post=25011"}],"curies":[{"name":"wp","href":"https:\/\/api.w.org\/{rel}","templated":true}]}}