{"id":25012,"date":"2025-08-01T18:29:40","date_gmt":"2025-08-01T16:29:40","guid":{"rendered":"https:\/\/uj.adatbank.ro\/lexikon\/termek\/zajzon-jozsef\/"},"modified":"2025-08-01T18:29:40","modified_gmt":"2025-08-01T16:29:40","slug":"zajzon-jozsef","status":"publish","type":"product","link":"https:\/\/uj.adatbank.ro\/lexikon\/termek\/zajzon-jozsef\/","title":{"rendered":"ZAJZON J\u00f3zsef"},"content":{"rendered":"<p>Mez\u0151panit, 1916. dec. 6. \u2020\u00a0Jawor\u00f3w, 1944. m\u00e1rc. 21.: honv\u00e9d. \u2013 Anyja: Sik\u00f3 Borb\u00e1la. \u2013 A 27. t\u00e1bori t\u00fcz\u00e9rezredben honv\u00e9d. Elesett Jawor\u00f3wban, ahol eltemett\u00e9k. <br \/><strong>\u2013 Irod.:<\/strong> Berekm\u00e9ri 2015.<\/br><\/p>\n","protected":false},"excerpt":{"rendered":"<p>Mez\u0151panit, 1916. dec. 6. \u2020\u00a0Jawor\u00f3w, 1944. m\u00e1rc. 21.: honv\u00e9d. \u2013 Anyja: Sik\u00f3 Borb\u00e1la. \u2013 A 27. t\u00e1bori t\u00fcz\u00e9rezredben honv\u00e9d. Elesett Jawor\u00f3wban, ahol eltemett\u00e9k. \u2013 Irod.: Berekm\u00e9ri 2015.<\/p>\n","protected":false},"featured_media":0,"comment_status":"open","ping_status":"closed","template":"","meta":[],"product_brand":[],"product_cat":[137],"product_tag":[],"class_list":{"0":"post-25012","1":"product","2":"type-product","3":"status-publish","5":"product_cat-maros-megyei-eletrajzi-lexikon","7":"first","8":"instock","9":"shipping-taxable","10":"product-type-simple"},"_links":{"self":[{"href":"https:\/\/uj.adatbank.ro\/lexikon\/wp-json\/wp\/v2\/product\/25012","targetHints":{"allow":["GET"]}}],"collection":[{"href":"https:\/\/uj.adatbank.ro\/lexikon\/wp-json\/wp\/v2\/product"}],"about":[{"href":"https:\/\/uj.adatbank.ro\/lexikon\/wp-json\/wp\/v2\/types\/product"}],"replies":[{"embeddable":true,"href":"https:\/\/uj.adatbank.ro\/lexikon\/wp-json\/wp\/v2\/comments?post=25012"}],"wp:attachment":[{"href":"https:\/\/uj.adatbank.ro\/lexikon\/wp-json\/wp\/v2\/media?parent=25012"}],"wp:term":[{"taxonomy":"product_brand","embeddable":true,"href":"https:\/\/uj.adatbank.ro\/lexikon\/wp-json\/wp\/v2\/product_brand?post=25012"},{"taxonomy":"product_cat","embeddable":true,"href":"https:\/\/uj.adatbank.ro\/lexikon\/wp-json\/wp\/v2\/product_cat?post=25012"},{"taxonomy":"product_tag","embeddable":true,"href":"https:\/\/uj.adatbank.ro\/lexikon\/wp-json\/wp\/v2\/product_tag?post=25012"}],"curies":[{"name":"wp","href":"https:\/\/api.w.org\/{rel}","templated":true}]}}