{"id":25018,"date":"2025-08-01T18:29:53","date_gmt":"2025-08-01T16:29:53","guid":{"rendered":"https:\/\/uj.adatbank.ro\/lexikon\/termek\/zakarias-aladar\/"},"modified":"2025-08-01T18:29:53","modified_gmt":"2025-08-01T16:29:53","slug":"zakarias-aladar","status":"publish","type":"product","link":"https:\/\/uj.adatbank.ro\/lexikon\/termek\/zakarias-aladar\/","title":{"rendered":"ZAKARI\u00c1S Alad\u00e1r"},"content":{"rendered":"<p>Marosludas, 1874. okt. 1., \u2020 Mez\u0151z\u00e1h, ?: keresked\u0151. \u2013 Z. Ign\u00e1cz \u00e9s Tutsek Anna fia. Feles\u00e9ge: Moldov\u00e1n Etelka (1879\u2013). Nyolc gyermek\u00fck sz\u00fcletett. \u2013 Mez\u0151z\u00e1hon volt keresked\u0151. <br \/><strong>\u2013 Irod.:<\/strong> Sz\u00e1va 2012.<\/br><\/p>\n","protected":false},"excerpt":{"rendered":"<p>Marosludas, 1874. okt. 1., \u2020 Mez\u0151z\u00e1h, ?: keresked\u0151. \u2013 Z. Ign\u00e1cz \u00e9s Tutsek Anna fia. Feles\u00e9ge: Moldov\u00e1n Etelka (1879\u2013). Nyolc gyermek\u00fck sz\u00fcletett. \u2013 Mez\u0151z\u00e1hon volt keresked\u0151. \u2013 Irod.: Sz\u00e1va 2012.<\/p>\n","protected":false},"featured_media":0,"comment_status":"open","ping_status":"closed","template":"","meta":[],"product_brand":[],"product_cat":[137],"product_tag":[],"class_list":{"0":"post-25018","1":"product","2":"type-product","3":"status-publish","5":"product_cat-maros-megyei-eletrajzi-lexikon","7":"first","8":"instock","9":"shipping-taxable","10":"product-type-simple"},"_links":{"self":[{"href":"https:\/\/uj.adatbank.ro\/lexikon\/wp-json\/wp\/v2\/product\/25018","targetHints":{"allow":["GET"]}}],"collection":[{"href":"https:\/\/uj.adatbank.ro\/lexikon\/wp-json\/wp\/v2\/product"}],"about":[{"href":"https:\/\/uj.adatbank.ro\/lexikon\/wp-json\/wp\/v2\/types\/product"}],"replies":[{"embeddable":true,"href":"https:\/\/uj.adatbank.ro\/lexikon\/wp-json\/wp\/v2\/comments?post=25018"}],"wp:attachment":[{"href":"https:\/\/uj.adatbank.ro\/lexikon\/wp-json\/wp\/v2\/media?parent=25018"}],"wp:term":[{"taxonomy":"product_brand","embeddable":true,"href":"https:\/\/uj.adatbank.ro\/lexikon\/wp-json\/wp\/v2\/product_brand?post=25018"},{"taxonomy":"product_cat","embeddable":true,"href":"https:\/\/uj.adatbank.ro\/lexikon\/wp-json\/wp\/v2\/product_cat?post=25018"},{"taxonomy":"product_tag","embeddable":true,"href":"https:\/\/uj.adatbank.ro\/lexikon\/wp-json\/wp\/v2\/product_tag?post=25018"}],"curies":[{"name":"wp","href":"https:\/\/api.w.org\/{rel}","templated":true}]}}