{"id":25023,"date":"2025-08-01T18:30:04","date_gmt":"2025-08-01T16:30:04","guid":{"rendered":"https:\/\/uj.adatbank.ro\/lexikon\/termek\/zakarias-karoly\/"},"modified":"2025-08-01T18:30:04","modified_gmt":"2025-08-01T16:30:04","slug":"zakarias-karoly","status":"publish","type":"product","link":"https:\/\/uj.adatbank.ro\/lexikon\/termek\/zakarias-karoly\/","title":{"rendered":"ZAKARI\u00c1S K\u00e1roly"},"content":{"rendered":"<p>? \u2020\u00a0?: ?. \u2013 Verset \u00edrt a mv.-i Flora c. Zsebk\u00f6nyvbe (1835-re). \u2013  <strong>F. m..:<\/strong> A munk\u00e1s-erk\u00f6lcs\u00f6s \u00e9s engedelmes tan\u00edtv\u00e1ny\u2026 melyet F\u00fclei Boda Istv\u00e1n tanul\u00f3 ifj\u00fanak halotti megtiszteltet\u00e9s\u00e9re \u00edrt \u00e9s elmondott. 1834. nov. 17. (Mv., 1835). <br \/><strong>\u2013 Irod.:<\/strong> Szinnyei.<\/br><\/p>\n","protected":false},"excerpt":{"rendered":"<p>? \u2020\u00a0?: ?. \u2013 Verset \u00edrt a mv.-i Flora c. Zsebk\u00f6nyvbe (1835-re). \u2013 F. m..: A munk\u00e1s-erk\u00f6lcs\u00f6s \u00e9s engedelmes tan\u00edtv\u00e1ny\u2026 melyet F\u00fclei Boda Istv\u00e1n tanul\u00f3 ifj\u00fanak halotti megtiszteltet\u00e9s\u00e9re \u00edrt \u00e9s elmondott. 1834. nov. 17. (Mv., 1835). \u2013 Irod.: Szinnyei.<\/p>\n","protected":false},"featured_media":0,"comment_status":"open","ping_status":"closed","template":"","meta":[],"product_brand":[],"product_cat":[137],"product_tag":[],"class_list":{"0":"post-25023","1":"product","2":"type-product","3":"status-publish","5":"product_cat-maros-megyei-eletrajzi-lexikon","7":"first","8":"instock","9":"shipping-taxable","10":"product-type-simple"},"_links":{"self":[{"href":"https:\/\/uj.adatbank.ro\/lexikon\/wp-json\/wp\/v2\/product\/25023","targetHints":{"allow":["GET"]}}],"collection":[{"href":"https:\/\/uj.adatbank.ro\/lexikon\/wp-json\/wp\/v2\/product"}],"about":[{"href":"https:\/\/uj.adatbank.ro\/lexikon\/wp-json\/wp\/v2\/types\/product"}],"replies":[{"embeddable":true,"href":"https:\/\/uj.adatbank.ro\/lexikon\/wp-json\/wp\/v2\/comments?post=25023"}],"wp:attachment":[{"href":"https:\/\/uj.adatbank.ro\/lexikon\/wp-json\/wp\/v2\/media?parent=25023"}],"wp:term":[{"taxonomy":"product_brand","embeddable":true,"href":"https:\/\/uj.adatbank.ro\/lexikon\/wp-json\/wp\/v2\/product_brand?post=25023"},{"taxonomy":"product_cat","embeddable":true,"href":"https:\/\/uj.adatbank.ro\/lexikon\/wp-json\/wp\/v2\/product_cat?post=25023"},{"taxonomy":"product_tag","embeddable":true,"href":"https:\/\/uj.adatbank.ro\/lexikon\/wp-json\/wp\/v2\/product_tag?post=25023"}],"curies":[{"name":"wp","href":"https:\/\/api.w.org\/{rel}","templated":true}]}}