{"id":25025,"date":"2025-08-01T18:30:10","date_gmt":"2025-08-01T16:30:10","guid":{"rendered":"https:\/\/uj.adatbank.ro\/lexikon\/termek\/zakarias-laszlo\/"},"modified":"2025-08-01T18:30:10","modified_gmt":"2025-08-01T16:30:10","slug":"zakarias-laszlo","status":"publish","type":"product","link":"https:\/\/uj.adatbank.ro\/lexikon\/termek\/zakarias-laszlo\/","title":{"rendered":"ZAKARI\u00c1S L\u00e1szl\u00f3"},"content":{"rendered":"<p>Szamos\u00fajv\u00e1r, 1900. \u00e1pr. 29., \u2020\u00a0Mv., 1982. m\u00e1j. 18.: gy\u00f3gyszer\u00e9sz. \u2013 A kv.-i gy\u00f3gyszer\u00e9sz gyakornoki vizsg\u00e1ja ut\u00e1n (1921. okt. 1.), Szegeden folytatta az egyetemi tanulm\u00e1nyait, oklevelet kapott (1943. j\u00fal. 10.). Izmael M\u00e1rton patik\u00e1j\u00e1ban dolgozott D\u00e9d\u00e1n. Szamos\u00fajv\u00e1ron, Temesv\u00e1ron, majd Mv.-en. Erd\u0151szentgy\u00f6rgy\u00f6n gy\u00f3gyszert\u00e1r ind\u00edt\u00e1s\u00e1ra kapott jogot (1947. aug.). <br \/><strong>\u2013 Irod.:<\/strong> [Nekrol\u00f3g] (V. Z., 1982. m\u00e1j. 19.); P\u00e9ter H. M.; P\u00e9ter H. M. 2013.<\/br><\/p>\n","protected":false},"excerpt":{"rendered":"<p>Szamos\u00fajv\u00e1r, 1900. \u00e1pr. 29., \u2020\u00a0Mv., 1982. m\u00e1j. 18.: gy\u00f3gyszer\u00e9sz. \u2013 A kv.-i gy\u00f3gyszer\u00e9sz gyakornoki vizsg\u00e1ja ut\u00e1n (1921. okt. 1.), Szegeden folytatta az egyetemi tanulm\u00e1nyait, oklevelet kapott (1943. j\u00fal. 10.). Izmael M\u00e1rton patik\u00e1j\u00e1ban dolgozott D\u00e9d\u00e1n. Szamos\u00fajv\u00e1ron, Temesv\u00e1ron, majd Mv.-en. Erd\u0151szentgy\u00f6rgy\u00f6n gy\u00f3gyszert\u00e1r ind\u00edt\u00e1s\u00e1ra kapott jogot (1947. aug.). \u2013 Irod.: [Nekrol\u00f3g] (V. Z., 1982. m\u00e1j. 19.); P\u00e9ter H. [&hellip;]<\/p>\n","protected":false},"featured_media":0,"comment_status":"open","ping_status":"closed","template":"","meta":[],"product_brand":[],"product_cat":[137],"product_tag":[],"class_list":{"0":"post-25025","1":"product","2":"type-product","3":"status-publish","5":"product_cat-maros-megyei-eletrajzi-lexikon","7":"first","8":"instock","9":"shipping-taxable","10":"product-type-simple"},"_links":{"self":[{"href":"https:\/\/uj.adatbank.ro\/lexikon\/wp-json\/wp\/v2\/product\/25025","targetHints":{"allow":["GET"]}}],"collection":[{"href":"https:\/\/uj.adatbank.ro\/lexikon\/wp-json\/wp\/v2\/product"}],"about":[{"href":"https:\/\/uj.adatbank.ro\/lexikon\/wp-json\/wp\/v2\/types\/product"}],"replies":[{"embeddable":true,"href":"https:\/\/uj.adatbank.ro\/lexikon\/wp-json\/wp\/v2\/comments?post=25025"}],"wp:attachment":[{"href":"https:\/\/uj.adatbank.ro\/lexikon\/wp-json\/wp\/v2\/media?parent=25025"}],"wp:term":[{"taxonomy":"product_brand","embeddable":true,"href":"https:\/\/uj.adatbank.ro\/lexikon\/wp-json\/wp\/v2\/product_brand?post=25025"},{"taxonomy":"product_cat","embeddable":true,"href":"https:\/\/uj.adatbank.ro\/lexikon\/wp-json\/wp\/v2\/product_cat?post=25025"},{"taxonomy":"product_tag","embeddable":true,"href":"https:\/\/uj.adatbank.ro\/lexikon\/wp-json\/wp\/v2\/product_tag?post=25025"}],"curies":[{"name":"wp","href":"https:\/\/api.w.org\/{rel}","templated":true}]}}