{"id":25026,"date":"2025-08-01T18:30:12","date_gmt":"2025-08-01T16:30:12","guid":{"rendered":"https:\/\/uj.adatbank.ro\/lexikon\/termek\/zakarias-magda-vertan-magda\/"},"modified":"2025-08-01T18:30:12","modified_gmt":"2025-08-01T16:30:12","slug":"zakarias-magda-vertan-magda","status":"publish","type":"product","link":"https:\/\/uj.adatbank.ro\/lexikon\/termek\/zakarias-magda-vertan-magda\/","title":{"rendered":"ZAKARI\u00c1S Magda; Vert\u00e1n Magda"},"content":{"rendered":"<p>Sz\u00e1szr\u00e9gen, 1925. m\u00e1j. 28., \u2020\u00a0?: orvos. \u2013Elemi iskol\u00e1it sz\u00fcl\u0151v\u00e1ros\u00e1ban a k\u00f6z\u00e9piskol\u00e1t uo., ill. Kv.-on a Ref. Le\u00e1nygimn\u00e1ziumban v\u00e9gezte (1944); Mv.-en az OGYI-n szerzett orvosi oklevelet (1946\u20131951). Az OGYI \u00c9lettani Int\u00e9zet\u00e9nek gyakornoka (1949\u201351). Mv.-en az 1. sz. Poliklinika (1951\u201354), az 1. sz Belgy\u00f3gy\u00e1szati Klinika laborat\u00f3rium\u00e1nak f\u0151orvosa 1954\u201386). <br \/><strong>\u2013 Irod.:<\/strong> Genersich; KKACs.<\/br><\/p>\n","protected":false},"excerpt":{"rendered":"<p>Sz\u00e1szr\u00e9gen, 1925. m\u00e1j. 28., \u2020\u00a0?: orvos. \u2013Elemi iskol\u00e1it sz\u00fcl\u0151v\u00e1ros\u00e1ban a k\u00f6z\u00e9piskol\u00e1t uo., ill. Kv.-on a Ref. Le\u00e1nygimn\u00e1ziumban v\u00e9gezte (1944); Mv.-en az OGYI-n szerzett orvosi oklevelet (1946\u20131951). Az OGYI \u00c9lettani Int\u00e9zet\u00e9nek gyakornoka (1949\u201351). Mv.-en az 1. sz. Poliklinika (1951\u201354), az 1. sz Belgy\u00f3gy\u00e1szati Klinika laborat\u00f3rium\u00e1nak f\u0151orvosa 1954\u201386). \u2013 Irod.: Genersich; KKACs.<\/p>\n","protected":false},"featured_media":0,"comment_status":"open","ping_status":"closed","template":"","meta":[],"product_brand":[],"product_cat":[137],"product_tag":[],"class_list":{"0":"post-25026","1":"product","2":"type-product","3":"status-publish","5":"product_cat-maros-megyei-eletrajzi-lexikon","7":"first","8":"instock","9":"shipping-taxable","10":"product-type-simple"},"_links":{"self":[{"href":"https:\/\/uj.adatbank.ro\/lexikon\/wp-json\/wp\/v2\/product\/25026","targetHints":{"allow":["GET"]}}],"collection":[{"href":"https:\/\/uj.adatbank.ro\/lexikon\/wp-json\/wp\/v2\/product"}],"about":[{"href":"https:\/\/uj.adatbank.ro\/lexikon\/wp-json\/wp\/v2\/types\/product"}],"replies":[{"embeddable":true,"href":"https:\/\/uj.adatbank.ro\/lexikon\/wp-json\/wp\/v2\/comments?post=25026"}],"wp:attachment":[{"href":"https:\/\/uj.adatbank.ro\/lexikon\/wp-json\/wp\/v2\/media?parent=25026"}],"wp:term":[{"taxonomy":"product_brand","embeddable":true,"href":"https:\/\/uj.adatbank.ro\/lexikon\/wp-json\/wp\/v2\/product_brand?post=25026"},{"taxonomy":"product_cat","embeddable":true,"href":"https:\/\/uj.adatbank.ro\/lexikon\/wp-json\/wp\/v2\/product_cat?post=25026"},{"taxonomy":"product_tag","embeddable":true,"href":"https:\/\/uj.adatbank.ro\/lexikon\/wp-json\/wp\/v2\/product_tag?post=25026"}],"curies":[{"name":"wp","href":"https:\/\/api.w.org\/{rel}","templated":true}]}}