{"id":25031,"date":"2025-08-01T18:30:23","date_gmt":"2025-08-01T16:30:23","guid":{"rendered":"https:\/\/uj.adatbank.ro\/lexikon\/termek\/zalanyi-ambrus-gergely\/"},"modified":"2025-08-01T18:30:23","modified_gmt":"2025-08-01T16:30:23","slug":"zalanyi-ambrus-gergely","status":"publish","type":"product","link":"https:\/\/uj.adatbank.ro\/lexikon\/termek\/zalanyi-ambrus-gergely\/","title":{"rendered":"ZAL\u00c1NYI Ambrus Gergely"},"content":{"rendered":"<p>? \u2020\u00a0G\u00f3g\u00e1n, 1741.: ref. lelk\u00e9sz. \u2013 Feles\u00e9ge Des\u0151 Ilona. \u2013 Nagyenyeden subscrib\u00e1lt (1712). Lelk\u00e9sz volt S\u00f6v\u00e9nyfalv\u00e1n (1715), Bethlenszentmikl\u00f3son (1716\u201320), G\u00f3g\u00e1nban (1720\u201331, hal\u00e1l\u00e1ig 1739\u201341) \u00e9s Radn\u00f3ton (1731\u201339). <br \/><strong>\u2013 Irod.:<\/strong> K\u00fck\u00fcll\u0151i Ref. Egyh\u00e1zm. 1., 2., 4.<\/br><\/p>\n","protected":false},"excerpt":{"rendered":"<p>? \u2020\u00a0G\u00f3g\u00e1n, 1741.: ref. lelk\u00e9sz. \u2013 Feles\u00e9ge Des\u0151 Ilona. \u2013 Nagyenyeden subscrib\u00e1lt (1712). Lelk\u00e9sz volt S\u00f6v\u00e9nyfalv\u00e1n (1715), Bethlenszentmikl\u00f3son (1716\u201320), G\u00f3g\u00e1nban (1720\u201331, hal\u00e1l\u00e1ig 1739\u201341) \u00e9s Radn\u00f3ton (1731\u201339). \u2013 Irod.: K\u00fck\u00fcll\u0151i Ref. Egyh\u00e1zm. 1., 2., 4.<\/p>\n","protected":false},"featured_media":0,"comment_status":"open","ping_status":"closed","template":"","meta":[],"product_brand":[],"product_cat":[137],"product_tag":[],"class_list":{"0":"post-25031","1":"product","2":"type-product","3":"status-publish","5":"product_cat-maros-megyei-eletrajzi-lexikon","7":"first","8":"instock","9":"shipping-taxable","10":"product-type-simple"},"_links":{"self":[{"href":"https:\/\/uj.adatbank.ro\/lexikon\/wp-json\/wp\/v2\/product\/25031","targetHints":{"allow":["GET"]}}],"collection":[{"href":"https:\/\/uj.adatbank.ro\/lexikon\/wp-json\/wp\/v2\/product"}],"about":[{"href":"https:\/\/uj.adatbank.ro\/lexikon\/wp-json\/wp\/v2\/types\/product"}],"replies":[{"embeddable":true,"href":"https:\/\/uj.adatbank.ro\/lexikon\/wp-json\/wp\/v2\/comments?post=25031"}],"wp:attachment":[{"href":"https:\/\/uj.adatbank.ro\/lexikon\/wp-json\/wp\/v2\/media?parent=25031"}],"wp:term":[{"taxonomy":"product_brand","embeddable":true,"href":"https:\/\/uj.adatbank.ro\/lexikon\/wp-json\/wp\/v2\/product_brand?post=25031"},{"taxonomy":"product_cat","embeddable":true,"href":"https:\/\/uj.adatbank.ro\/lexikon\/wp-json\/wp\/v2\/product_cat?post=25031"},{"taxonomy":"product_tag","embeddable":true,"href":"https:\/\/uj.adatbank.ro\/lexikon\/wp-json\/wp\/v2\/product_tag?post=25031"}],"curies":[{"name":"wp","href":"https:\/\/api.w.org\/{rel}","templated":true}]}}