{"id":25043,"date":"2025-08-01T18:30:48","date_gmt":"2025-08-01T16:30:48","guid":{"rendered":"https:\/\/uj.adatbank.ro\/lexikon\/termek\/zalanyi-miklos\/"},"modified":"2025-08-01T18:30:48","modified_gmt":"2025-08-01T16:30:48","slug":"zalanyi-miklos","status":"publish","type":"product","link":"https:\/\/uj.adatbank.ro\/lexikon\/termek\/zalanyi-miklos\/","title":{"rendered":"ZAL\u00c1NYI Mikl\u00f3s"},"content":{"rendered":"<p>? \u2020 ?: ref. lelk\u00e9sz. \u2013 Somosdon lelk\u00e9sz (1714\u20131718). A vizit\u00e1ci\u00f3s jegyz\u0151k\u00f6nyv arr\u00f3l tan\u00faskodik, hogy szolg\u00e1lata idej\u00e9ben a templom falai \u00e9letvesz\u00e9lyesen repedezettek, ez\u00e9rt jav\u00edt\u00e1sokat v\u00e9geztetett rajta. <br \/><strong>\u2013 Irod.:<\/strong> Imreh Barna; Somosd.<\/br><\/p>\n","protected":false},"excerpt":{"rendered":"<p>? \u2020 ?: ref. lelk\u00e9sz. \u2013 Somosdon lelk\u00e9sz (1714\u20131718). A vizit\u00e1ci\u00f3s jegyz\u0151k\u00f6nyv arr\u00f3l tan\u00faskodik, hogy szolg\u00e1lata idej\u00e9ben a templom falai \u00e9letvesz\u00e9lyesen repedezettek, ez\u00e9rt jav\u00edt\u00e1sokat v\u00e9geztetett rajta. \u2013 Irod.: Imreh Barna; Somosd.<\/p>\n","protected":false},"featured_media":0,"comment_status":"open","ping_status":"closed","template":"","meta":[],"product_brand":[],"product_cat":[137],"product_tag":[],"class_list":{"0":"post-25043","1":"product","2":"type-product","3":"status-publish","5":"product_cat-maros-megyei-eletrajzi-lexikon","7":"first","8":"instock","9":"shipping-taxable","10":"product-type-simple"},"_links":{"self":[{"href":"https:\/\/uj.adatbank.ro\/lexikon\/wp-json\/wp\/v2\/product\/25043","targetHints":{"allow":["GET"]}}],"collection":[{"href":"https:\/\/uj.adatbank.ro\/lexikon\/wp-json\/wp\/v2\/product"}],"about":[{"href":"https:\/\/uj.adatbank.ro\/lexikon\/wp-json\/wp\/v2\/types\/product"}],"replies":[{"embeddable":true,"href":"https:\/\/uj.adatbank.ro\/lexikon\/wp-json\/wp\/v2\/comments?post=25043"}],"wp:attachment":[{"href":"https:\/\/uj.adatbank.ro\/lexikon\/wp-json\/wp\/v2\/media?parent=25043"}],"wp:term":[{"taxonomy":"product_brand","embeddable":true,"href":"https:\/\/uj.adatbank.ro\/lexikon\/wp-json\/wp\/v2\/product_brand?post=25043"},{"taxonomy":"product_cat","embeddable":true,"href":"https:\/\/uj.adatbank.ro\/lexikon\/wp-json\/wp\/v2\/product_cat?post=25043"},{"taxonomy":"product_tag","embeddable":true,"href":"https:\/\/uj.adatbank.ro\/lexikon\/wp-json\/wp\/v2\/product_tag?post=25043"}],"curies":[{"name":"wp","href":"https:\/\/api.w.org\/{rel}","templated":true}]}}