{"id":25044,"date":"2025-08-01T18:30:51","date_gmt":"2025-08-01T16:30:51","guid":{"rendered":"https:\/\/uj.adatbank.ro\/lexikon\/termek\/zalanyi-samuel\/"},"modified":"2025-08-01T18:30:51","modified_gmt":"2025-08-01T16:30:51","slug":"zalanyi-samuel","status":"publish","type":"product","link":"https:\/\/uj.adatbank.ro\/lexikon\/termek\/zalanyi-samuel\/","title":{"rendered":"ZAL\u00c1NYI S\u00e1muel"},"content":{"rendered":"<p>D\u00e9s, 1725., \u2020 Magyarcsaholy, 1799.: ref. lelk\u00e9sz. \u2013 Z. J\u00f3zsef d\u00e9si ref. lelk\u00e9sz fia. \u2013 Nagyenyeden subscrib\u00e1lt (1743). Genfben peregrin\u00e1lt (1753\u201357), ahol papp\u00e1 szentelt\u00e9k (1757. jan. 31). Lelk\u00e9sz volt Szeghalmon, Magyarkir\u00e1lyfalv\u00e1n (1759\u201362), Tasn\u00e1don (1762\u201386), Magyarcsaholyban hal\u00e1l\u00e1ig (1791\u201393). K\u00fck\u00fcll\u0151i Ref. Egyh\u00e1zm. 3.<\/br><\/p>\n","protected":false},"excerpt":{"rendered":"<p>D\u00e9s, 1725., \u2020 Magyarcsaholy, 1799.: ref. lelk\u00e9sz. \u2013 Z. J\u00f3zsef d\u00e9si ref. lelk\u00e9sz fia. \u2013 Nagyenyeden subscrib\u00e1lt (1743). Genfben peregrin\u00e1lt (1753\u201357), ahol papp\u00e1 szentelt\u00e9k (1757. jan. 31). Lelk\u00e9sz volt Szeghalmon, Magyarkir\u00e1lyfalv\u00e1n (1759\u201362), Tasn\u00e1don (1762\u201386), Magyarcsaholyban hal\u00e1l\u00e1ig (1791\u201393). K\u00fck\u00fcll\u0151i Ref. Egyh\u00e1zm. 3.<\/p>\n","protected":false},"featured_media":0,"comment_status":"open","ping_status":"closed","template":"","meta":[],"product_brand":[],"product_cat":[137],"product_tag":[],"class_list":{"0":"post-25044","1":"product","2":"type-product","3":"status-publish","5":"product_cat-maros-megyei-eletrajzi-lexikon","7":"first","8":"instock","9":"shipping-taxable","10":"product-type-simple"},"_links":{"self":[{"href":"https:\/\/uj.adatbank.ro\/lexikon\/wp-json\/wp\/v2\/product\/25044","targetHints":{"allow":["GET"]}}],"collection":[{"href":"https:\/\/uj.adatbank.ro\/lexikon\/wp-json\/wp\/v2\/product"}],"about":[{"href":"https:\/\/uj.adatbank.ro\/lexikon\/wp-json\/wp\/v2\/types\/product"}],"replies":[{"embeddable":true,"href":"https:\/\/uj.adatbank.ro\/lexikon\/wp-json\/wp\/v2\/comments?post=25044"}],"wp:attachment":[{"href":"https:\/\/uj.adatbank.ro\/lexikon\/wp-json\/wp\/v2\/media?parent=25044"}],"wp:term":[{"taxonomy":"product_brand","embeddable":true,"href":"https:\/\/uj.adatbank.ro\/lexikon\/wp-json\/wp\/v2\/product_brand?post=25044"},{"taxonomy":"product_cat","embeddable":true,"href":"https:\/\/uj.adatbank.ro\/lexikon\/wp-json\/wp\/v2\/product_cat?post=25044"},{"taxonomy":"product_tag","embeddable":true,"href":"https:\/\/uj.adatbank.ro\/lexikon\/wp-json\/wp\/v2\/product_tag?post=25044"}],"curies":[{"name":"wp","href":"https:\/\/api.w.org\/{rel}","templated":true}]}}