{"id":25050,"date":"2025-08-01T18:31:05","date_gmt":"2025-08-01T16:31:05","guid":{"rendered":"https:\/\/uj.adatbank.ro\/lexikon\/termek\/zarug-istvan\/"},"modified":"2025-08-01T18:31:05","modified_gmt":"2025-08-01T16:31:05","slug":"zarug-istvan","status":"publish","type":"product","link":"https:\/\/uj.adatbank.ro\/lexikon\/termek\/zarug-istvan\/","title":{"rendered":"Z\u00c1RUG Istv\u00e1n"},"content":{"rendered":"<p>1870., \u2020\u00a0Bp., 1945: keresked\u0151. \u2013 A kerepesi temet\u0151ben nyugszik feles\u00e9g\u00e9vel. Feles\u00e9ge Szenkovits Katalin (1881\u20131945). Gyermekeik k\u00f6z\u00fcl: Z. Lujza (1908\u2013), a ny\u00e1r\u00e1dszeredai Smutny P\u00e1l (1897\u20131973) feles\u00e9ge (1934\u2013); Z. Istv\u00e1n (1913\u20131971), esk\u00fcv\u0151 (1944), feles\u00e9ge Ugron Margit (1919\u20131994). <br \/><strong>\u2013 Irod.:<\/strong> Sz\u00e1va 2012.<\/br><\/p>\n","protected":false},"excerpt":{"rendered":"<p>1870., \u2020\u00a0Bp., 1945: keresked\u0151. \u2013 A kerepesi temet\u0151ben nyugszik feles\u00e9g\u00e9vel. Feles\u00e9ge Szenkovits Katalin (1881\u20131945). Gyermekeik k\u00f6z\u00fcl: Z. Lujza (1908\u2013), a ny\u00e1r\u00e1dszeredai Smutny P\u00e1l (1897\u20131973) feles\u00e9ge (1934\u2013); Z. Istv\u00e1n (1913\u20131971), esk\u00fcv\u0151 (1944), feles\u00e9ge Ugron Margit (1919\u20131994). \u2013 Irod.: Sz\u00e1va 2012.<\/p>\n","protected":false},"featured_media":0,"comment_status":"open","ping_status":"closed","template":"","meta":[],"product_brand":[],"product_cat":[137],"product_tag":[],"class_list":{"0":"post-25050","1":"product","2":"type-product","3":"status-publish","5":"product_cat-maros-megyei-eletrajzi-lexikon","7":"first","8":"instock","9":"shipping-taxable","10":"product-type-simple"},"_links":{"self":[{"href":"https:\/\/uj.adatbank.ro\/lexikon\/wp-json\/wp\/v2\/product\/25050","targetHints":{"allow":["GET"]}}],"collection":[{"href":"https:\/\/uj.adatbank.ro\/lexikon\/wp-json\/wp\/v2\/product"}],"about":[{"href":"https:\/\/uj.adatbank.ro\/lexikon\/wp-json\/wp\/v2\/types\/product"}],"replies":[{"embeddable":true,"href":"https:\/\/uj.adatbank.ro\/lexikon\/wp-json\/wp\/v2\/comments?post=25050"}],"wp:attachment":[{"href":"https:\/\/uj.adatbank.ro\/lexikon\/wp-json\/wp\/v2\/media?parent=25050"}],"wp:term":[{"taxonomy":"product_brand","embeddable":true,"href":"https:\/\/uj.adatbank.ro\/lexikon\/wp-json\/wp\/v2\/product_brand?post=25050"},{"taxonomy":"product_cat","embeddable":true,"href":"https:\/\/uj.adatbank.ro\/lexikon\/wp-json\/wp\/v2\/product_cat?post=25050"},{"taxonomy":"product_tag","embeddable":true,"href":"https:\/\/uj.adatbank.ro\/lexikon\/wp-json\/wp\/v2\/product_tag?post=25050"}],"curies":[{"name":"wp","href":"https:\/\/api.w.org\/{rel}","templated":true}]}}