{"id":25053,"date":"2025-08-01T18:31:11","date_gmt":"2025-08-01T16:31:11","guid":{"rendered":"https:\/\/uj.adatbank.ro\/lexikon\/termek\/zathureczky-karoly-alsozathurcsai\/"},"modified":"2025-08-01T18:31:11","modified_gmt":"2025-08-01T16:31:11","slug":"zathureczky-karoly-alsozathurcsai","status":"publish","type":"product","link":"https:\/\/uj.adatbank.ro\/lexikon\/termek\/zathureczky-karoly-alsozathurcsai\/","title":{"rendered":"ZATHURECZKY K\u00e1roly, als\u00f3zathurcsai"},"content":{"rendered":"<p>Olasztelke, 1832, \u2020\u00a01889.: ezredes. \u2013 \u0150rmester (1848\u201349), alhadnagy a nagyszebeni 31. gyalogezredben (1856), f\u0151hadnagy (1863). A mv.-i 62. cs. \u00e9s kir. gyalogezredben \u0151rnagy (1877. m\u00e1j. 1.). Alezredes (1883. jan. 1.), Nagyszebenben 82. k\u00f6z\u00f6s gyalogezred z\u00e1szl\u00f3aljparancsnoka, ezredese (1887. m\u00e1j. 1. \u2013). A mv.-i 62. cs. \u00e9s kir. gyalogezred parancsnoka hal\u00e1l\u00e1ig (1888\u201389). A Mv.-i Kaszin\u00f3 v\u00e1lasztm\u00e1nyi tagja (1883) <br \/><strong>\u2013 Irod.:<\/strong> Bi\u00e1s Istv\u00e1n; Erd\u0151vid\u00e9k.<\/br><\/p>\n","protected":false},"excerpt":{"rendered":"<p>Olasztelke, 1832, \u2020\u00a01889.: ezredes. \u2013 \u0150rmester (1848\u201349), alhadnagy a nagyszebeni 31. gyalogezredben (1856), f\u0151hadnagy (1863). A mv.-i 62. cs. \u00e9s kir. gyalogezredben \u0151rnagy (1877. m\u00e1j. 1.). Alezredes (1883. jan. 1.), Nagyszebenben 82. k\u00f6z\u00f6s gyalogezred z\u00e1szl\u00f3aljparancsnoka, ezredese (1887. m\u00e1j. 1. \u2013). A mv.-i 62. cs. \u00e9s kir. gyalogezred parancsnoka hal\u00e1l\u00e1ig (1888\u201389). A Mv.-i Kaszin\u00f3 v\u00e1lasztm\u00e1nyi tagja [&hellip;]<\/p>\n","protected":false},"featured_media":0,"comment_status":"open","ping_status":"closed","template":"","meta":[],"product_brand":[],"product_cat":[137],"product_tag":[],"class_list":{"0":"post-25053","1":"product","2":"type-product","3":"status-publish","5":"product_cat-maros-megyei-eletrajzi-lexikon","7":"first","8":"instock","9":"shipping-taxable","10":"product-type-simple"},"_links":{"self":[{"href":"https:\/\/uj.adatbank.ro\/lexikon\/wp-json\/wp\/v2\/product\/25053","targetHints":{"allow":["GET"]}}],"collection":[{"href":"https:\/\/uj.adatbank.ro\/lexikon\/wp-json\/wp\/v2\/product"}],"about":[{"href":"https:\/\/uj.adatbank.ro\/lexikon\/wp-json\/wp\/v2\/types\/product"}],"replies":[{"embeddable":true,"href":"https:\/\/uj.adatbank.ro\/lexikon\/wp-json\/wp\/v2\/comments?post=25053"}],"wp:attachment":[{"href":"https:\/\/uj.adatbank.ro\/lexikon\/wp-json\/wp\/v2\/media?parent=25053"}],"wp:term":[{"taxonomy":"product_brand","embeddable":true,"href":"https:\/\/uj.adatbank.ro\/lexikon\/wp-json\/wp\/v2\/product_brand?post=25053"},{"taxonomy":"product_cat","embeddable":true,"href":"https:\/\/uj.adatbank.ro\/lexikon\/wp-json\/wp\/v2\/product_cat?post=25053"},{"taxonomy":"product_tag","embeddable":true,"href":"https:\/\/uj.adatbank.ro\/lexikon\/wp-json\/wp\/v2\/product_tag?post=25053"}],"curies":[{"name":"wp","href":"https:\/\/api.w.org\/{rel}","templated":true}]}}