{"id":25055,"date":"2025-08-01T18:31:17","date_gmt":"2025-08-01T16:31:17","guid":{"rendered":"https:\/\/uj.adatbank.ro\/lexikon\/termek\/zavoda-ferenc-zavoda-i\/"},"modified":"2025-08-01T18:31:17","modified_gmt":"2025-08-01T16:31:17","slug":"zavoda-ferenc-zavoda-i","status":"publish","type":"product","link":"https:\/\/uj.adatbank.ro\/lexikon\/termek\/zavoda-ferenc-zavoda-i\/","title":{"rendered":"ZAVODA Ferenc; Zavoda I."},"content":{"rendered":"<p>\u00d3radna, 1927. \u00e1pr. 14., \u2020\u00a0?: testnevel\u0151 tan\u00e1r, labdar\u00fag\u00f3. \u2013 A Katonai Akad\u00e9mi\u00e1n labdar\u00fag\u00f3 szakoktat\u00f3. Buk.-ben j\u00e1tszott (1938\u201379); Mv.-en az ASA f\u0151edz\u0151je (1979\u201380), majd alacsonyabb oszt\u00e1ly\u00fa labdar\u00fag\u00f3 csapatokat edzett. <br \/><strong>\u2013 Irod.:<\/strong> RMKK.<\/br><\/p>\n","protected":false},"excerpt":{"rendered":"<p>\u00d3radna, 1927. \u00e1pr. 14., \u2020\u00a0?: testnevel\u0151 tan\u00e1r, labdar\u00fag\u00f3. \u2013 A Katonai Akad\u00e9mi\u00e1n labdar\u00fag\u00f3 szakoktat\u00f3. Buk.-ben j\u00e1tszott (1938\u201379); Mv.-en az ASA f\u0151edz\u0151je (1979\u201380), majd alacsonyabb oszt\u00e1ly\u00fa labdar\u00fag\u00f3 csapatokat edzett. \u2013 Irod.: RMKK.<\/p>\n","protected":false},"featured_media":0,"comment_status":"open","ping_status":"closed","template":"","meta":[],"product_brand":[],"product_cat":[137],"product_tag":[],"class_list":{"0":"post-25055","1":"product","2":"type-product","3":"status-publish","5":"product_cat-maros-megyei-eletrajzi-lexikon","7":"first","8":"instock","9":"shipping-taxable","10":"product-type-simple"},"_links":{"self":[{"href":"https:\/\/uj.adatbank.ro\/lexikon\/wp-json\/wp\/v2\/product\/25055","targetHints":{"allow":["GET"]}}],"collection":[{"href":"https:\/\/uj.adatbank.ro\/lexikon\/wp-json\/wp\/v2\/product"}],"about":[{"href":"https:\/\/uj.adatbank.ro\/lexikon\/wp-json\/wp\/v2\/types\/product"}],"replies":[{"embeddable":true,"href":"https:\/\/uj.adatbank.ro\/lexikon\/wp-json\/wp\/v2\/comments?post=25055"}],"wp:attachment":[{"href":"https:\/\/uj.adatbank.ro\/lexikon\/wp-json\/wp\/v2\/media?parent=25055"}],"wp:term":[{"taxonomy":"product_brand","embeddable":true,"href":"https:\/\/uj.adatbank.ro\/lexikon\/wp-json\/wp\/v2\/product_brand?post=25055"},{"taxonomy":"product_cat","embeddable":true,"href":"https:\/\/uj.adatbank.ro\/lexikon\/wp-json\/wp\/v2\/product_cat?post=25055"},{"taxonomy":"product_tag","embeddable":true,"href":"https:\/\/uj.adatbank.ro\/lexikon\/wp-json\/wp\/v2\/product_tag?post=25055"}],"curies":[{"name":"wp","href":"https:\/\/api.w.org\/{rel}","templated":true}]}}