{"id":25061,"date":"2025-08-01T18:31:28","date_gmt":"2025-08-01T16:31:28","guid":{"rendered":"https:\/\/uj.adatbank.ro\/lexikon\/termek\/zehan-simion\/"},"modified":"2025-08-01T18:31:28","modified_gmt":"2025-08-01T16:31:28","slug":"zehan-simion","status":"publish","type":"product","link":"https:\/\/uj.adatbank.ro\/lexikon\/termek\/zehan-simion\/","title":{"rendered":"ZEH\u00c1N Simion"},"content":{"rendered":"<p>? \u2020\u00a0?: tan\u00edt\u00f3. \u2013 G\u00f6rg\u00e9nyadorj\u00e1nban tan\u00edtott, ahol \u00faj g\u00f6r\u00f6g kat. templomot (1850), majd \u00faj egytantermes iskol\u00e1t (1894) \u00e9p\u00edtettek. <br \/><strong>\u2013 Irod.:<\/strong> Bir\u00f3 Don\u00e1t 2006.<\/br><\/p>\n","protected":false},"excerpt":{"rendered":"<p>? \u2020\u00a0?: tan\u00edt\u00f3. \u2013 G\u00f6rg\u00e9nyadorj\u00e1nban tan\u00edtott, ahol \u00faj g\u00f6r\u00f6g kat. templomot (1850), majd \u00faj egytantermes iskol\u00e1t (1894) \u00e9p\u00edtettek. \u2013 Irod.: Bir\u00f3 Don\u00e1t 2006.<\/p>\n","protected":false},"featured_media":0,"comment_status":"open","ping_status":"closed","template":"","meta":[],"product_brand":[],"product_cat":[137],"product_tag":[],"class_list":{"0":"post-25061","1":"product","2":"type-product","3":"status-publish","5":"product_cat-maros-megyei-eletrajzi-lexikon","7":"first","8":"instock","9":"shipping-taxable","10":"product-type-simple"},"_links":{"self":[{"href":"https:\/\/uj.adatbank.ro\/lexikon\/wp-json\/wp\/v2\/product\/25061","targetHints":{"allow":["GET"]}}],"collection":[{"href":"https:\/\/uj.adatbank.ro\/lexikon\/wp-json\/wp\/v2\/product"}],"about":[{"href":"https:\/\/uj.adatbank.ro\/lexikon\/wp-json\/wp\/v2\/types\/product"}],"replies":[{"embeddable":true,"href":"https:\/\/uj.adatbank.ro\/lexikon\/wp-json\/wp\/v2\/comments?post=25061"}],"wp:attachment":[{"href":"https:\/\/uj.adatbank.ro\/lexikon\/wp-json\/wp\/v2\/media?parent=25061"}],"wp:term":[{"taxonomy":"product_brand","embeddable":true,"href":"https:\/\/uj.adatbank.ro\/lexikon\/wp-json\/wp\/v2\/product_brand?post=25061"},{"taxonomy":"product_cat","embeddable":true,"href":"https:\/\/uj.adatbank.ro\/lexikon\/wp-json\/wp\/v2\/product_cat?post=25061"},{"taxonomy":"product_tag","embeddable":true,"href":"https:\/\/uj.adatbank.ro\/lexikon\/wp-json\/wp\/v2\/product_tag?post=25061"}],"curies":[{"name":"wp","href":"https:\/\/api.w.org\/{rel}","templated":true}]}}