{"id":25064,"date":"2025-08-01T18:31:33","date_gmt":"2025-08-01T16:31:33","guid":{"rendered":"https:\/\/uj.adatbank.ro\/lexikon\/termek\/zeitz-janos\/"},"modified":"2025-08-01T18:31:33","modified_gmt":"2025-08-01T16:31:33","slug":"zeitz-janos","status":"publish","type":"product","link":"https:\/\/uj.adatbank.ro\/lexikon\/termek\/zeitz-janos\/","title":{"rendered":"ZEITZ J\u00e1nos"},"content":{"rendered":"<p>1947 .\u2020 Mv., 1998. j\u00fal. 4.: tornatan\u00e1r. \u2013 A mv.-i 15. sz. \u00c1ltal\u00e1nos iskola \u00e9s a mv.-i \u00c9p\u00edt\u00e9szeti Iskolak\u00f6zpont tan\u00e1ra. <br \/><strong>\u2013 Irod.:<\/strong> [Nekrol\u00f3g] (N\u00fa., 1998. j\u00fal. 7.; j\u00fal. 9.).<\/br><\/p>\n","protected":false},"excerpt":{"rendered":"<p>1947 .\u2020 Mv., 1998. j\u00fal. 4.: tornatan\u00e1r. \u2013 A mv.-i 15. sz. \u00c1ltal\u00e1nos iskola \u00e9s a mv.-i \u00c9p\u00edt\u00e9szeti Iskolak\u00f6zpont tan\u00e1ra. \u2013 Irod.: [Nekrol\u00f3g] (N\u00fa., 1998. j\u00fal. 7.; j\u00fal. 9.).<\/p>\n","protected":false},"featured_media":0,"comment_status":"open","ping_status":"closed","template":"","meta":[],"product_brand":[],"product_cat":[137],"product_tag":[],"class_list":{"0":"post-25064","1":"product","2":"type-product","3":"status-publish","5":"product_cat-maros-megyei-eletrajzi-lexikon","7":"first","8":"instock","9":"shipping-taxable","10":"product-type-simple"},"_links":{"self":[{"href":"https:\/\/uj.adatbank.ro\/lexikon\/wp-json\/wp\/v2\/product\/25064","targetHints":{"allow":["GET"]}}],"collection":[{"href":"https:\/\/uj.adatbank.ro\/lexikon\/wp-json\/wp\/v2\/product"}],"about":[{"href":"https:\/\/uj.adatbank.ro\/lexikon\/wp-json\/wp\/v2\/types\/product"}],"replies":[{"embeddable":true,"href":"https:\/\/uj.adatbank.ro\/lexikon\/wp-json\/wp\/v2\/comments?post=25064"}],"wp:attachment":[{"href":"https:\/\/uj.adatbank.ro\/lexikon\/wp-json\/wp\/v2\/media?parent=25064"}],"wp:term":[{"taxonomy":"product_brand","embeddable":true,"href":"https:\/\/uj.adatbank.ro\/lexikon\/wp-json\/wp\/v2\/product_brand?post=25064"},{"taxonomy":"product_cat","embeddable":true,"href":"https:\/\/uj.adatbank.ro\/lexikon\/wp-json\/wp\/v2\/product_cat?post=25064"},{"taxonomy":"product_tag","embeddable":true,"href":"https:\/\/uj.adatbank.ro\/lexikon\/wp-json\/wp\/v2\/product_tag?post=25064"}],"curies":[{"name":"wp","href":"https:\/\/api.w.org\/{rel}","templated":true}]}}