{"id":25065,"date":"2025-08-01T18:31:35","date_gmt":"2025-08-01T16:31:35","guid":{"rendered":"https:\/\/uj.adatbank.ro\/lexikon\/termek\/zekeli-jozsef\/"},"modified":"2025-08-01T18:31:35","modified_gmt":"2025-08-01T16:31:35","slug":"zekeli-jozsef","status":"publish","type":"product","link":"https:\/\/uj.adatbank.ro\/lexikon\/termek\/zekeli-jozsef\/","title":{"rendered":"ZEKELI J\u00f3zsef"},"content":{"rendered":"<p>Sz\u00e1sz\u00f6rm\u00e9nyes (Maros), ? \u2020\u00a0?: agron\u00f3mus\u00a0?. \u2013 Tanult Hohenheimban agr\u00e1rtudom\u00e1nyokat (1848). <br \/><strong>\u2013 Irod.:<\/strong> Szab\u00f3\u2013Sz\u00f6gi.<\/br><\/p>\n","protected":false},"excerpt":{"rendered":"<p>Sz\u00e1sz\u00f6rm\u00e9nyes (Maros), ? \u2020\u00a0?: agron\u00f3mus\u00a0?. \u2013 Tanult Hohenheimban agr\u00e1rtudom\u00e1nyokat (1848). \u2013 Irod.: Szab\u00f3\u2013Sz\u00f6gi.<\/p>\n","protected":false},"featured_media":0,"comment_status":"open","ping_status":"closed","template":"","meta":[],"product_brand":[],"product_cat":[137],"product_tag":[],"class_list":{"0":"post-25065","1":"product","2":"type-product","3":"status-publish","5":"product_cat-maros-megyei-eletrajzi-lexikon","7":"first","8":"instock","9":"shipping-taxable","10":"product-type-simple"},"_links":{"self":[{"href":"https:\/\/uj.adatbank.ro\/lexikon\/wp-json\/wp\/v2\/product\/25065","targetHints":{"allow":["GET"]}}],"collection":[{"href":"https:\/\/uj.adatbank.ro\/lexikon\/wp-json\/wp\/v2\/product"}],"about":[{"href":"https:\/\/uj.adatbank.ro\/lexikon\/wp-json\/wp\/v2\/types\/product"}],"replies":[{"embeddable":true,"href":"https:\/\/uj.adatbank.ro\/lexikon\/wp-json\/wp\/v2\/comments?post=25065"}],"wp:attachment":[{"href":"https:\/\/uj.adatbank.ro\/lexikon\/wp-json\/wp\/v2\/media?parent=25065"}],"wp:term":[{"taxonomy":"product_brand","embeddable":true,"href":"https:\/\/uj.adatbank.ro\/lexikon\/wp-json\/wp\/v2\/product_brand?post=25065"},{"taxonomy":"product_cat","embeddable":true,"href":"https:\/\/uj.adatbank.ro\/lexikon\/wp-json\/wp\/v2\/product_cat?post=25065"},{"taxonomy":"product_tag","embeddable":true,"href":"https:\/\/uj.adatbank.ro\/lexikon\/wp-json\/wp\/v2\/product_tag?post=25065"}],"curies":[{"name":"wp","href":"https:\/\/api.w.org\/{rel}","templated":true}]}}