{"id":25068,"date":"2025-08-01T18:31:45","date_gmt":"2025-08-01T16:31:45","guid":{"rendered":"https:\/\/uj.adatbank.ro\/lexikon\/termek\/zekelius-paul\/"},"modified":"2025-08-01T18:31:45","modified_gmt":"2025-08-01T16:31:45","slug":"zekelius-paul","status":"publish","type":"product","link":"https:\/\/uj.adatbank.ro\/lexikon\/termek\/zekelius-paul\/","title":{"rendered":"ZEKELIUS Paul"},"content":{"rendered":"<p>Sz\u00e1szsz\u0151l\u0151s, 1609., \u2020 Sz\u00e1szk\u00e9zd, 1666. szept. 16.: ev. lelk\u00e9sz. \u2013 Ev. lelk\u00e9sz Sz\u00e1szsz\u0151l\u0151s\u00f6n (1644, Sz\u00e1szfeh\u00e9regyh\u00e1z\u00e1n (1646), Sz\u00e1szd\u00e1ny\u00e1nban, majd szolg\u00e1lt Sz\u00e1szk\u00e9zden (1650\u201366). P\u00fcsp\u00f6kk\u00e9 v\u00e1lasztott\u00e1k (1666. j\u00fal. 6.), de miel\u0151tt elfoglalta volna p\u00fcsp\u00f6ki sz\u00e9k\u00e9t, meghalt. <br \/><strong>\u2013 Irod.:<\/strong> Apold; LSS; Saschiz.<\/br><\/p>\n","protected":false},"excerpt":{"rendered":"<p>Sz\u00e1szsz\u0151l\u0151s, 1609., \u2020 Sz\u00e1szk\u00e9zd, 1666. szept. 16.: ev. lelk\u00e9sz. \u2013 Ev. lelk\u00e9sz Sz\u00e1szsz\u0151l\u0151s\u00f6n (1644, Sz\u00e1szfeh\u00e9regyh\u00e1z\u00e1n (1646), Sz\u00e1szd\u00e1ny\u00e1nban, majd szolg\u00e1lt Sz\u00e1szk\u00e9zden (1650\u201366). P\u00fcsp\u00f6kk\u00e9 v\u00e1lasztott\u00e1k (1666. j\u00fal. 6.), de miel\u0151tt elfoglalta volna p\u00fcsp\u00f6ki sz\u00e9k\u00e9t, meghalt. \u2013 Irod.: Apold; LSS; Saschiz.<\/p>\n","protected":false},"featured_media":0,"comment_status":"open","ping_status":"closed","template":"","meta":[],"product_brand":[],"product_cat":[137],"product_tag":[],"class_list":{"0":"post-25068","1":"product","2":"type-product","3":"status-publish","5":"product_cat-maros-megyei-eletrajzi-lexikon","7":"first","8":"instock","9":"shipping-taxable","10":"product-type-simple"},"_links":{"self":[{"href":"https:\/\/uj.adatbank.ro\/lexikon\/wp-json\/wp\/v2\/product\/25068","targetHints":{"allow":["GET"]}}],"collection":[{"href":"https:\/\/uj.adatbank.ro\/lexikon\/wp-json\/wp\/v2\/product"}],"about":[{"href":"https:\/\/uj.adatbank.ro\/lexikon\/wp-json\/wp\/v2\/types\/product"}],"replies":[{"embeddable":true,"href":"https:\/\/uj.adatbank.ro\/lexikon\/wp-json\/wp\/v2\/comments?post=25068"}],"wp:attachment":[{"href":"https:\/\/uj.adatbank.ro\/lexikon\/wp-json\/wp\/v2\/media?parent=25068"}],"wp:term":[{"taxonomy":"product_brand","embeddable":true,"href":"https:\/\/uj.adatbank.ro\/lexikon\/wp-json\/wp\/v2\/product_brand?post=25068"},{"taxonomy":"product_cat","embeddable":true,"href":"https:\/\/uj.adatbank.ro\/lexikon\/wp-json\/wp\/v2\/product_cat?post=25068"},{"taxonomy":"product_tag","embeddable":true,"href":"https:\/\/uj.adatbank.ro\/lexikon\/wp-json\/wp\/v2\/product_tag?post=25068"}],"curies":[{"name":"wp","href":"https:\/\/api.w.org\/{rel}","templated":true}]}}