{"id":25070,"date":"2025-08-01T18:31:51","date_gmt":"2025-08-01T16:31:51","guid":{"rendered":"https:\/\/uj.adatbank.ro\/lexikon\/termek\/zelemeri-judit-csakany-balazsne\/"},"modified":"2025-08-01T18:31:51","modified_gmt":"2025-08-01T16:31:51","slug":"zelemeri-judit-csakany-balazsne","status":"publish","type":"product","link":"https:\/\/uj.adatbank.ro\/lexikon\/termek\/zelemeri-judit-csakany-balazsne\/","title":{"rendered":"ZELEM\u00c9RI Judit, Cs\u00e1k\u00e1ny Bal\u00e1zsn\u00e9"},"content":{"rendered":"<p>? \u2020\u00a0?: b\u00e1rdosi birtokos. \u2013 Z. P\u00e9ter le\u00e1nya. \u2013 Sz\u00e9kelyv\u00e1s\u00e1rhely megv\u00e1s\u00e1rolta b\u00e1rdosi j\u00f3sz\u00e1g\u00e1t, kapott \u00e9rte egy v\u00e1rosi h\u00e1zat \u00e9s 50 aranyforintot (1608). <br \/><strong>\u2013 Irod.:<\/strong> Id\u0151t\u00e1r 1; P\u00e1l-Antal 2009.<\/br><\/p>\n","protected":false},"excerpt":{"rendered":"<p>? \u2020\u00a0?: b\u00e1rdosi birtokos. \u2013 Z. P\u00e9ter le\u00e1nya. \u2013 Sz\u00e9kelyv\u00e1s\u00e1rhely megv\u00e1s\u00e1rolta b\u00e1rdosi j\u00f3sz\u00e1g\u00e1t, kapott \u00e9rte egy v\u00e1rosi h\u00e1zat \u00e9s 50 aranyforintot (1608). \u2013 Irod.: Id\u0151t\u00e1r 1; P\u00e1l-Antal 2009.<\/p>\n","protected":false},"featured_media":0,"comment_status":"open","ping_status":"closed","template":"","meta":[],"product_brand":[],"product_cat":[137],"product_tag":[],"class_list":{"0":"post-25070","1":"product","2":"type-product","3":"status-publish","5":"product_cat-maros-megyei-eletrajzi-lexikon","7":"first","8":"instock","9":"shipping-taxable","10":"product-type-simple"},"_links":{"self":[{"href":"https:\/\/uj.adatbank.ro\/lexikon\/wp-json\/wp\/v2\/product\/25070","targetHints":{"allow":["GET"]}}],"collection":[{"href":"https:\/\/uj.adatbank.ro\/lexikon\/wp-json\/wp\/v2\/product"}],"about":[{"href":"https:\/\/uj.adatbank.ro\/lexikon\/wp-json\/wp\/v2\/types\/product"}],"replies":[{"embeddable":true,"href":"https:\/\/uj.adatbank.ro\/lexikon\/wp-json\/wp\/v2\/comments?post=25070"}],"wp:attachment":[{"href":"https:\/\/uj.adatbank.ro\/lexikon\/wp-json\/wp\/v2\/media?parent=25070"}],"wp:term":[{"taxonomy":"product_brand","embeddable":true,"href":"https:\/\/uj.adatbank.ro\/lexikon\/wp-json\/wp\/v2\/product_brand?post=25070"},{"taxonomy":"product_cat","embeddable":true,"href":"https:\/\/uj.adatbank.ro\/lexikon\/wp-json\/wp\/v2\/product_cat?post=25070"},{"taxonomy":"product_tag","embeddable":true,"href":"https:\/\/uj.adatbank.ro\/lexikon\/wp-json\/wp\/v2\/product_tag?post=25070"}],"curies":[{"name":"wp","href":"https:\/\/api.w.org\/{rel}","templated":true}]}}