{"id":25071,"date":"2025-08-01T18:31:54","date_gmt":"2025-08-01T16:31:54","guid":{"rendered":"https:\/\/uj.adatbank.ro\/lexikon\/termek\/zelemeri-peter-naznanfalvi-zelemery-peter-zelemir\/"},"modified":"2025-08-01T18:31:54","modified_gmt":"2025-08-01T16:31:54","slug":"zelemeri-peter-naznanfalvi-zelemery-peter-zelemir","status":"publish","type":"product","link":"https:\/\/uj.adatbank.ro\/lexikon\/termek\/zelemeri-peter-naznanfalvi-zelemery-peter-zelemir\/","title":{"rendered":"ZELEM\u00c9RI P\u00e9ter, n\u00e1zn\u00e1nfalvi, Zelem\u00e9ry P\u00e9ter, Zelemir"},"content":{"rendered":"<p>? \u2020\u00a01608.: marossz\u00e9ki f\u0151ember. \u2013 II. J\u00e1nos kir. had\u00e1ban h\u00edven szolg\u00e1lt (1566). R\u00e9szt vett a kerel\u0151szentp\u00e1li csat\u00e1ban a fejedelem oldal\u00e1n (1575). Maros- \u00e9s Cs\u00edksz\u00e9ken kiterjedt birtokokat kapott B\u00e1thory Zsigmondt\u00f3l (1583. \u00e1pr. 28.). <br \/><strong>\u2013 Irod.:<\/strong> P\u00e1lmay; SzOkl, 2, SzOkl \u00das 4.<\/br><\/p>\n","protected":false},"excerpt":{"rendered":"<p>? \u2020\u00a01608.: marossz\u00e9ki f\u0151ember. \u2013 II. J\u00e1nos kir. had\u00e1ban h\u00edven szolg\u00e1lt (1566). R\u00e9szt vett a kerel\u0151szentp\u00e1li csat\u00e1ban a fejedelem oldal\u00e1n (1575). Maros- \u00e9s Cs\u00edksz\u00e9ken kiterjedt birtokokat kapott B\u00e1thory Zsigmondt\u00f3l (1583. \u00e1pr. 28.). \u2013 Irod.: P\u00e1lmay; SzOkl, 2, SzOkl \u00das 4.<\/p>\n","protected":false},"featured_media":0,"comment_status":"open","ping_status":"closed","template":"","meta":[],"product_brand":[],"product_cat":[137],"product_tag":[],"class_list":{"0":"post-25071","1":"product","2":"type-product","3":"status-publish","5":"product_cat-maros-megyei-eletrajzi-lexikon","7":"first","8":"instock","9":"shipping-taxable","10":"product-type-simple"},"_links":{"self":[{"href":"https:\/\/uj.adatbank.ro\/lexikon\/wp-json\/wp\/v2\/product\/25071","targetHints":{"allow":["GET"]}}],"collection":[{"href":"https:\/\/uj.adatbank.ro\/lexikon\/wp-json\/wp\/v2\/product"}],"about":[{"href":"https:\/\/uj.adatbank.ro\/lexikon\/wp-json\/wp\/v2\/types\/product"}],"replies":[{"embeddable":true,"href":"https:\/\/uj.adatbank.ro\/lexikon\/wp-json\/wp\/v2\/comments?post=25071"}],"wp:attachment":[{"href":"https:\/\/uj.adatbank.ro\/lexikon\/wp-json\/wp\/v2\/media?parent=25071"}],"wp:term":[{"taxonomy":"product_brand","embeddable":true,"href":"https:\/\/uj.adatbank.ro\/lexikon\/wp-json\/wp\/v2\/product_brand?post=25071"},{"taxonomy":"product_cat","embeddable":true,"href":"https:\/\/uj.adatbank.ro\/lexikon\/wp-json\/wp\/v2\/product_cat?post=25071"},{"taxonomy":"product_tag","embeddable":true,"href":"https:\/\/uj.adatbank.ro\/lexikon\/wp-json\/wp\/v2\/product_tag?post=25071"}],"curies":[{"name":"wp","href":"https:\/\/api.w.org\/{rel}","templated":true}]}}