{"id":25073,"date":"2025-08-01T18:31:58","date_gmt":"2025-08-01T16:31:58","guid":{"rendered":"https:\/\/uj.adatbank.ro\/lexikon\/termek\/zeller-florian-p\/"},"modified":"2025-08-01T18:31:58","modified_gmt":"2025-08-01T16:31:58","slug":"zeller-florian-p","status":"publish","type":"product","link":"https:\/\/uj.adatbank.ro\/lexikon\/termek\/zeller-florian-p\/","title":{"rendered":"ZELLER Fl\u00f3ri\u00e1n, P."},"content":{"rendered":"<p>? \u2020\u00a0?: r. k. pap. \u2013 Pl\u00e9b\u00e1nos Marosszentgy\u00f6rgy\u00f6n (1947. j\u00fan. \u2013 1948. m\u00e1j.). <br \/><strong>\u2013 Irod.:<\/strong> Baricz; Maros-k\u00fck\u00fcll\u0151i f\u0151esp.<\/br><\/p>\n","protected":false},"excerpt":{"rendered":"<p>? \u2020\u00a0?: r. k. pap. \u2013 Pl\u00e9b\u00e1nos Marosszentgy\u00f6rgy\u00f6n (1947. j\u00fan. \u2013 1948. m\u00e1j.). \u2013 Irod.: Baricz; Maros-k\u00fck\u00fcll\u0151i f\u0151esp.<\/p>\n","protected":false},"featured_media":0,"comment_status":"open","ping_status":"closed","template":"","meta":[],"product_brand":[],"product_cat":[137],"product_tag":[],"class_list":{"0":"post-25073","1":"product","2":"type-product","3":"status-publish","5":"product_cat-maros-megyei-eletrajzi-lexikon","7":"first","8":"instock","9":"shipping-taxable","10":"product-type-simple"},"_links":{"self":[{"href":"https:\/\/uj.adatbank.ro\/lexikon\/wp-json\/wp\/v2\/product\/25073","targetHints":{"allow":["GET"]}}],"collection":[{"href":"https:\/\/uj.adatbank.ro\/lexikon\/wp-json\/wp\/v2\/product"}],"about":[{"href":"https:\/\/uj.adatbank.ro\/lexikon\/wp-json\/wp\/v2\/types\/product"}],"replies":[{"embeddable":true,"href":"https:\/\/uj.adatbank.ro\/lexikon\/wp-json\/wp\/v2\/comments?post=25073"}],"wp:attachment":[{"href":"https:\/\/uj.adatbank.ro\/lexikon\/wp-json\/wp\/v2\/media?parent=25073"}],"wp:term":[{"taxonomy":"product_brand","embeddable":true,"href":"https:\/\/uj.adatbank.ro\/lexikon\/wp-json\/wp\/v2\/product_brand?post=25073"},{"taxonomy":"product_cat","embeddable":true,"href":"https:\/\/uj.adatbank.ro\/lexikon\/wp-json\/wp\/v2\/product_cat?post=25073"},{"taxonomy":"product_tag","embeddable":true,"href":"https:\/\/uj.adatbank.ro\/lexikon\/wp-json\/wp\/v2\/product_tag?post=25073"}],"curies":[{"name":"wp","href":"https:\/\/api.w.org\/{rel}","templated":true}]}}