{"id":25075,"date":"2025-08-01T18:32:04","date_gmt":"2025-08-01T16:32:04","guid":{"rendered":"https:\/\/uj.adatbank.ro\/lexikon\/termek\/zepeczaner-jeno\/"},"modified":"2025-08-01T18:32:04","modified_gmt":"2025-08-01T16:32:04","slug":"zepeczaner-jeno","status":"publish","type":"product","link":"https:\/\/uj.adatbank.ro\/lexikon\/termek\/zepeczaner-jeno\/","title":{"rendered":"ZEPECZANER Jen\u0151"},"content":{"rendered":"<p>Mv., 1946. dec. 11., \u2020\u00a0?: t\u00f6rt\u00e9n\u00e9sz, muzeol\u00f3gus, v\u00e1rosi tan\u00e1csos. \u2013  <strong>F. m..:<\/strong> Udvarhelysz\u00e9k az 1848\u20131849-es forradalom \u00e9s szabads\u00e1gharc idej\u00e9n: tanulm\u00e1ny \u00e9s okm\u00e1nyt\u00e1r az udvarhelysz\u00e9ki esem\u00e9nyekhez (Sz\u00e9kelyudvarhely, 1999); El\u0151tanulm\u00e1ny a megk\u00e9sett sz\u00e9kelyf\u00f6ldi polg\u00e1rosod\u00e1sr\u00f3l (Korunk, 1994, 6. sz.). <br \/><strong>\u2013 Irod.:<\/strong> EMKK 2000; Korunk, Magy. kutat\u00f3k.<\/br><\/p>\n","protected":false},"excerpt":{"rendered":"<p>Mv., 1946. dec. 11., \u2020\u00a0?: t\u00f6rt\u00e9n\u00e9sz, muzeol\u00f3gus, v\u00e1rosi tan\u00e1csos. \u2013 F. m..: Udvarhelysz\u00e9k az 1848\u20131849-es forradalom \u00e9s szabads\u00e1gharc idej\u00e9n: tanulm\u00e1ny \u00e9s okm\u00e1nyt\u00e1r az udvarhelysz\u00e9ki esem\u00e9nyekhez (Sz\u00e9kelyudvarhely, 1999); El\u0151tanulm\u00e1ny a megk\u00e9sett sz\u00e9kelyf\u00f6ldi polg\u00e1rosod\u00e1sr\u00f3l (Korunk, 1994, 6. sz.). \u2013 Irod.: EMKK 2000; Korunk, Magy. kutat\u00f3k.<\/p>\n","protected":false},"featured_media":0,"comment_status":"open","ping_status":"closed","template":"","meta":[],"product_brand":[],"product_cat":[137],"product_tag":[],"class_list":{"0":"post-25075","1":"product","2":"type-product","3":"status-publish","5":"product_cat-maros-megyei-eletrajzi-lexikon","7":"first","8":"instock","9":"shipping-taxable","10":"product-type-simple"},"_links":{"self":[{"href":"https:\/\/uj.adatbank.ro\/lexikon\/wp-json\/wp\/v2\/product\/25075","targetHints":{"allow":["GET"]}}],"collection":[{"href":"https:\/\/uj.adatbank.ro\/lexikon\/wp-json\/wp\/v2\/product"}],"about":[{"href":"https:\/\/uj.adatbank.ro\/lexikon\/wp-json\/wp\/v2\/types\/product"}],"replies":[{"embeddable":true,"href":"https:\/\/uj.adatbank.ro\/lexikon\/wp-json\/wp\/v2\/comments?post=25075"}],"wp:attachment":[{"href":"https:\/\/uj.adatbank.ro\/lexikon\/wp-json\/wp\/v2\/media?parent=25075"}],"wp:term":[{"taxonomy":"product_brand","embeddable":true,"href":"https:\/\/uj.adatbank.ro\/lexikon\/wp-json\/wp\/v2\/product_brand?post=25075"},{"taxonomy":"product_cat","embeddable":true,"href":"https:\/\/uj.adatbank.ro\/lexikon\/wp-json\/wp\/v2\/product_cat?post=25075"},{"taxonomy":"product_tag","embeddable":true,"href":"https:\/\/uj.adatbank.ro\/lexikon\/wp-json\/wp\/v2\/product_tag?post=25075"}],"curies":[{"name":"wp","href":"https:\/\/api.w.org\/{rel}","templated":true}]}}