{"id":25077,"date":"2025-08-01T18:32:08","date_gmt":"2025-08-01T16:32:08","guid":{"rendered":"https:\/\/uj.adatbank.ro\/lexikon\/termek\/zeyk-zejkfalvi-baro-csalad\/"},"modified":"2025-08-01T18:32:08","modified_gmt":"2025-08-01T16:32:08","slug":"zeyk-zejkfalvi-baro-csalad","status":"publish","type":"product","link":"https:\/\/uj.adatbank.ro\/lexikon\/termek\/zeyk-zejkfalvi-baro-csalad\/","title":{"rendered":"ZEYK, zejkfalvi b\u00e1r\u00f3 csal\u00e1d"},"content":{"rendered":"<p>\u0150si sz\u00e9ke Hunyad v\u00e1rmegye. Legels\u0151 ismert \u0151s\u00fck Z. L\u00e1szl\u00f3 (1236) Magyar b\u00e1r\u00f3i rangot, \u00f6r\u00f6k\u00f6s f\u0151rendih\u00e1zi tags\u00e1gi jogot (B\u00e9cs, 1895. j\u00fanius 25.) J\u00f3zsef nyert (1895. j\u00fan. 25). <br \/><strong>\u2013 Irod.:<\/strong> Bir\u00f3; Gudenus; K\u0151v\u00e1ry; P\u00e1lmay.<\/br><\/p>\n","protected":false},"excerpt":{"rendered":"<p>\u0150si sz\u00e9ke Hunyad v\u00e1rmegye. Legels\u0151 ismert \u0151s\u00fck Z. L\u00e1szl\u00f3 (1236) Magyar b\u00e1r\u00f3i rangot, \u00f6r\u00f6k\u00f6s f\u0151rendih\u00e1zi tags\u00e1gi jogot (B\u00e9cs, 1895. j\u00fanius 25.) J\u00f3zsef nyert (1895. j\u00fan. 25). \u2013 Irod.: Bir\u00f3; Gudenus; K\u0151v\u00e1ry; P\u00e1lmay.<\/p>\n","protected":false},"featured_media":0,"comment_status":"open","ping_status":"closed","template":"","meta":[],"product_brand":[],"product_cat":[137],"product_tag":[],"class_list":{"0":"post-25077","1":"product","2":"type-product","3":"status-publish","5":"product_cat-maros-megyei-eletrajzi-lexikon","7":"first","8":"instock","9":"shipping-taxable","10":"product-type-simple"},"_links":{"self":[{"href":"https:\/\/uj.adatbank.ro\/lexikon\/wp-json\/wp\/v2\/product\/25077","targetHints":{"allow":["GET"]}}],"collection":[{"href":"https:\/\/uj.adatbank.ro\/lexikon\/wp-json\/wp\/v2\/product"}],"about":[{"href":"https:\/\/uj.adatbank.ro\/lexikon\/wp-json\/wp\/v2\/types\/product"}],"replies":[{"embeddable":true,"href":"https:\/\/uj.adatbank.ro\/lexikon\/wp-json\/wp\/v2\/comments?post=25077"}],"wp:attachment":[{"href":"https:\/\/uj.adatbank.ro\/lexikon\/wp-json\/wp\/v2\/media?parent=25077"}],"wp:term":[{"taxonomy":"product_brand","embeddable":true,"href":"https:\/\/uj.adatbank.ro\/lexikon\/wp-json\/wp\/v2\/product_brand?post=25077"},{"taxonomy":"product_cat","embeddable":true,"href":"https:\/\/uj.adatbank.ro\/lexikon\/wp-json\/wp\/v2\/product_cat?post=25077"},{"taxonomy":"product_tag","embeddable":true,"href":"https:\/\/uj.adatbank.ro\/lexikon\/wp-json\/wp\/v2\/product_tag?post=25077"}],"curies":[{"name":"wp","href":"https:\/\/api.w.org\/{rel}","templated":true}]}}