{"id":25078,"date":"2025-08-01T18:32:10","date_gmt":"2025-08-01T16:32:10","guid":{"rendered":"https:\/\/uj.adatbank.ro\/lexikon\/termek\/zeyk-agnes-teleki-adam-ferencne\/"},"modified":"2025-08-01T18:32:10","modified_gmt":"2025-08-01T16:32:10","slug":"zeyk-agnes-teleki-adam-ferencne","status":"publish","type":"product","link":"https:\/\/uj.adatbank.ro\/lexikon\/termek\/zeyk-agnes-teleki-adam-ferencne\/","title":{"rendered":"ZEYK \u00c1gnes, Teleki \u00c1d\u00e1m Ferencn\u00e9"},"content":{"rendered":"<p>S\u00e1romberke, 1878. j\u00fan. 10., \u2020\u00a0G\u00f6d\u00f6ll\u0151, 1977. j\u00fan. 6.: cs, k, palotah\u00f6lgy, Z. J\u00f3zsef ogy.-i k\u00e9pvisel\u0151 \u00e9s sz\u00e9ki Teleki \u00c1gnes le\u00e1nya. F\u00e9rje: 1. Teleki \u00c1d\u00e1m Ferenc, a m. f\u0151rendi h\u00e1z \u00f6r\u00f6k\u00f6s tagja, a Johannita Rend lovagja (Esk\u00fcv\u0151: Kv., 1896. dec. 12.); 2. turonyi br. Biedermann Elek Guszt\u00e1v (Baden bei Wien, 1890. j\u00fan. 29. \u2013 P\u00e9cs, 1928. j\u00fan. 15.) husz\u00e1rf\u0151hadnagy (Esk\u00fcv\u0151: Bp., 1924. szept. 1.). <br \/><strong>\u2013 Irod.:<\/strong> Gudenus; L\u0151wy 2013.<\/br><\/p>\n","protected":false},"excerpt":{"rendered":"<p>S\u00e1romberke, 1878. j\u00fan. 10., \u2020\u00a0G\u00f6d\u00f6ll\u0151, 1977. j\u00fan. 6.: cs, k, palotah\u00f6lgy, Z. J\u00f3zsef ogy.-i k\u00e9pvisel\u0151 \u00e9s sz\u00e9ki Teleki \u00c1gnes le\u00e1nya. F\u00e9rje: 1. Teleki \u00c1d\u00e1m Ferenc, a m. f\u0151rendi h\u00e1z \u00f6r\u00f6k\u00f6s tagja, a Johannita Rend lovagja (Esk\u00fcv\u0151: Kv., 1896. dec. 12.); 2. turonyi br. Biedermann Elek Guszt\u00e1v (Baden bei Wien, 1890. j\u00fan. 29. \u2013 P\u00e9cs, 1928. [&hellip;]<\/p>\n","protected":false},"featured_media":0,"comment_status":"open","ping_status":"closed","template":"","meta":[],"product_brand":[],"product_cat":[137],"product_tag":[],"class_list":{"0":"post-25078","1":"product","2":"type-product","3":"status-publish","5":"product_cat-maros-megyei-eletrajzi-lexikon","7":"first","8":"instock","9":"shipping-taxable","10":"product-type-simple"},"_links":{"self":[{"href":"https:\/\/uj.adatbank.ro\/lexikon\/wp-json\/wp\/v2\/product\/25078","targetHints":{"allow":["GET"]}}],"collection":[{"href":"https:\/\/uj.adatbank.ro\/lexikon\/wp-json\/wp\/v2\/product"}],"about":[{"href":"https:\/\/uj.adatbank.ro\/lexikon\/wp-json\/wp\/v2\/types\/product"}],"replies":[{"embeddable":true,"href":"https:\/\/uj.adatbank.ro\/lexikon\/wp-json\/wp\/v2\/comments?post=25078"}],"wp:attachment":[{"href":"https:\/\/uj.adatbank.ro\/lexikon\/wp-json\/wp\/v2\/media?parent=25078"}],"wp:term":[{"taxonomy":"product_brand","embeddable":true,"href":"https:\/\/uj.adatbank.ro\/lexikon\/wp-json\/wp\/v2\/product_brand?post=25078"},{"taxonomy":"product_cat","embeddable":true,"href":"https:\/\/uj.adatbank.ro\/lexikon\/wp-json\/wp\/v2\/product_cat?post=25078"},{"taxonomy":"product_tag","embeddable":true,"href":"https:\/\/uj.adatbank.ro\/lexikon\/wp-json\/wp\/v2\/product_tag?post=25078"}],"curies":[{"name":"wp","href":"https:\/\/api.w.org\/{rel}","templated":true}]}}