{"id":25080,"date":"2025-08-01T18:32:14","date_gmt":"2025-08-01T16:32:14","guid":{"rendered":"https:\/\/uj.adatbank.ro\/lexikon\/termek\/zeyk-borbala-kemeny-domokosne\/"},"modified":"2025-08-01T18:32:14","modified_gmt":"2025-08-01T16:32:14","slug":"zeyk-borbala-kemeny-domokosne","status":"publish","type":"product","link":"https:\/\/uj.adatbank.ro\/lexikon\/termek\/zeyk-borbala-kemeny-domokosne\/","title":{"rendered":"ZEYK Borb\u00e1la; Kem\u00e9ny Domokosn\u00e9"},"content":{"rendered":"<p>Mv., 1807., \u2020 Nagyenyed, 1848. jan, 21: Z. D\u00e1niel \u00e9s vajai Vay Katalin le\u00e1nya. F\u00e9rjhez ment Kem\u00e9ny Domokoshoz az erd\u00e9lyi ref. egyh\u00e1z f\u0151gondnok\u00e1hoz, a Lip\u00f3t rend lovagj\u00e1hoz. <br \/><strong>\u2013 Irod.:<\/strong> Gudenus.<\/br><\/p>\n","protected":false},"excerpt":{"rendered":"<p>Mv., 1807., \u2020 Nagyenyed, 1848. jan, 21: Z. D\u00e1niel \u00e9s vajai Vay Katalin le\u00e1nya. F\u00e9rjhez ment Kem\u00e9ny Domokoshoz az erd\u00e9lyi ref. egyh\u00e1z f\u0151gondnok\u00e1hoz, a Lip\u00f3t rend lovagj\u00e1hoz. \u2013 Irod.: Gudenus.<\/p>\n","protected":false},"featured_media":0,"comment_status":"open","ping_status":"closed","template":"","meta":[],"product_brand":[],"product_cat":[137],"product_tag":[],"class_list":{"0":"post-25080","1":"product","2":"type-product","3":"status-publish","5":"product_cat-maros-megyei-eletrajzi-lexikon","7":"first","8":"instock","9":"shipping-taxable","10":"product-type-simple"},"_links":{"self":[{"href":"https:\/\/uj.adatbank.ro\/lexikon\/wp-json\/wp\/v2\/product\/25080","targetHints":{"allow":["GET"]}}],"collection":[{"href":"https:\/\/uj.adatbank.ro\/lexikon\/wp-json\/wp\/v2\/product"}],"about":[{"href":"https:\/\/uj.adatbank.ro\/lexikon\/wp-json\/wp\/v2\/types\/product"}],"replies":[{"embeddable":true,"href":"https:\/\/uj.adatbank.ro\/lexikon\/wp-json\/wp\/v2\/comments?post=25080"}],"wp:attachment":[{"href":"https:\/\/uj.adatbank.ro\/lexikon\/wp-json\/wp\/v2\/media?parent=25080"}],"wp:term":[{"taxonomy":"product_brand","embeddable":true,"href":"https:\/\/uj.adatbank.ro\/lexikon\/wp-json\/wp\/v2\/product_brand?post=25080"},{"taxonomy":"product_cat","embeddable":true,"href":"https:\/\/uj.adatbank.ro\/lexikon\/wp-json\/wp\/v2\/product_cat?post=25080"},{"taxonomy":"product_tag","embeddable":true,"href":"https:\/\/uj.adatbank.ro\/lexikon\/wp-json\/wp\/v2\/product_tag?post=25080"}],"curies":[{"name":"wp","href":"https:\/\/api.w.org\/{rel}","templated":true}]}}