{"id":25084,"date":"2025-08-01T18:32:25","date_gmt":"2025-08-01T16:32:25","guid":{"rendered":"https:\/\/uj.adatbank.ro\/lexikon\/termek\/zeyk-elise-erzsebet-toldalagi-laszlone\/"},"modified":"2025-08-01T18:32:25","modified_gmt":"2025-08-01T16:32:25","slug":"zeyk-elise-erzsebet-toldalagi-laszlone","status":"publish","type":"product","link":"https:\/\/uj.adatbank.ro\/lexikon\/termek\/zeyk-elise-erzsebet-toldalagi-laszlone\/","title":{"rendered":"ZEYK Elise, Erzs\u00e9bet; Toldalagi L\u00e1szl\u00f3n\u00e9"},"content":{"rendered":"<p>Kv., 1865. szept. 15., \u2020 Balatonf\u0151kaj\u00e1r, 1959. szept. 28.: f\u0151nemes. \u2013 F\u00e9rjhez ment Toldalagi L\u00e1szl\u00f3hoz (Kv., 1890. nov. 3.). Z. J\u00f3zsef \u00e9s Teleki \u00c1gnes, az Afrika-utaz\u00f3 Teleki Samu testv\u00e9re \u00e9s Teleki S\u00e1muel kancell\u00e1r d\u00e9dunok\u00e1j\u00e1nak le\u00e1nya. <br \/><strong>\u2013 Irod.:<\/strong> \u00c1ll\u00f3- \u00e9s mozg\u00f3k\u00e9pek; Gudenus.<\/br><\/p>\n","protected":false},"excerpt":{"rendered":"<p>Kv., 1865. szept. 15., \u2020 Balatonf\u0151kaj\u00e1r, 1959. szept. 28.: f\u0151nemes. \u2013 F\u00e9rjhez ment Toldalagi L\u00e1szl\u00f3hoz (Kv., 1890. nov. 3.). Z. J\u00f3zsef \u00e9s Teleki \u00c1gnes, az Afrika-utaz\u00f3 Teleki Samu testv\u00e9re \u00e9s Teleki S\u00e1muel kancell\u00e1r d\u00e9dunok\u00e1j\u00e1nak le\u00e1nya. \u2013 Irod.: \u00c1ll\u00f3- \u00e9s mozg\u00f3k\u00e9pek; Gudenus.<\/p>\n","protected":false},"featured_media":0,"comment_status":"open","ping_status":"closed","template":"","meta":[],"product_brand":[],"product_cat":[137],"product_tag":[],"class_list":{"0":"post-25084","1":"product","2":"type-product","3":"status-publish","5":"product_cat-maros-megyei-eletrajzi-lexikon","7":"first","8":"instock","9":"shipping-taxable","10":"product-type-simple"},"_links":{"self":[{"href":"https:\/\/uj.adatbank.ro\/lexikon\/wp-json\/wp\/v2\/product\/25084","targetHints":{"allow":["GET"]}}],"collection":[{"href":"https:\/\/uj.adatbank.ro\/lexikon\/wp-json\/wp\/v2\/product"}],"about":[{"href":"https:\/\/uj.adatbank.ro\/lexikon\/wp-json\/wp\/v2\/types\/product"}],"replies":[{"embeddable":true,"href":"https:\/\/uj.adatbank.ro\/lexikon\/wp-json\/wp\/v2\/comments?post=25084"}],"wp:attachment":[{"href":"https:\/\/uj.adatbank.ro\/lexikon\/wp-json\/wp\/v2\/media?parent=25084"}],"wp:term":[{"taxonomy":"product_brand","embeddable":true,"href":"https:\/\/uj.adatbank.ro\/lexikon\/wp-json\/wp\/v2\/product_brand?post=25084"},{"taxonomy":"product_cat","embeddable":true,"href":"https:\/\/uj.adatbank.ro\/lexikon\/wp-json\/wp\/v2\/product_cat?post=25084"},{"taxonomy":"product_tag","embeddable":true,"href":"https:\/\/uj.adatbank.ro\/lexikon\/wp-json\/wp\/v2\/product_tag?post=25084"}],"curies":[{"name":"wp","href":"https:\/\/api.w.org\/{rel}","templated":true}]}}