{"id":25085,"date":"2025-08-01T18:32:28","date_gmt":"2025-08-01T16:32:28","guid":{"rendered":"https:\/\/uj.adatbank.ro\/lexikon\/termek\/zeyk-ferenc\/"},"modified":"2025-08-01T18:32:28","modified_gmt":"2025-08-01T16:32:28","slug":"zeyk-ferenc","status":"publish","type":"product","link":"https:\/\/uj.adatbank.ro\/lexikon\/termek\/zeyk-ferenc\/","title":{"rendered":"ZEYK Ferenc"},"content":{"rendered":"<p>? \u2020\u00a0?: szolgab\u00edr\u00f3. \u2013 Batizh\u00e1za, Gombostelke, Istv\u00e1nh\u00e1za, L\u00e1ndor, Magyarb\u00fckk\u00f6s, Magyarherepes, Magyar\u00f3zd, Ol\u00e1hp\u00e9terlaka helys\u00e9gek neveit \u00e9s nevezetess\u00e9geit k\u00f6z\u00f6lte a Kir. F\u0151korm\u00e1nysz\u00e9k rendelet\u00e9nek (6670. sz.) megfelel\u0151en \u00e9s ezzel r\u00e9szt vett Pesty Frigyes eg\u00e9sz Mo.-ra \u00e9s Erd\u00e9lyre kiterjedt helyn\u00e9vgy\u0171jt\u00e9s\u00e9ben (1864\u201365). <br \/><strong>\u2013 Irod.:<\/strong> Pesty 2014.<\/br><\/p>\n","protected":false},"excerpt":{"rendered":"<p>? \u2020\u00a0?: szolgab\u00edr\u00f3. \u2013 Batizh\u00e1za, Gombostelke, Istv\u00e1nh\u00e1za, L\u00e1ndor, Magyarb\u00fckk\u00f6s, Magyarherepes, Magyar\u00f3zd, Ol\u00e1hp\u00e9terlaka helys\u00e9gek neveit \u00e9s nevezetess\u00e9geit k\u00f6z\u00f6lte a Kir. F\u0151korm\u00e1nysz\u00e9k rendelet\u00e9nek (6670. sz.) megfelel\u0151en \u00e9s ezzel r\u00e9szt vett Pesty Frigyes eg\u00e9sz Mo.-ra \u00e9s Erd\u00e9lyre kiterjedt helyn\u00e9vgy\u0171jt\u00e9s\u00e9ben (1864\u201365). \u2013 Irod.: Pesty 2014.<\/p>\n","protected":false},"featured_media":0,"comment_status":"open","ping_status":"closed","template":"","meta":[],"product_brand":[],"product_cat":[137],"product_tag":[],"class_list":{"0":"post-25085","1":"product","2":"type-product","3":"status-publish","5":"product_cat-maros-megyei-eletrajzi-lexikon","7":"first","8":"instock","9":"shipping-taxable","10":"product-type-simple"},"_links":{"self":[{"href":"https:\/\/uj.adatbank.ro\/lexikon\/wp-json\/wp\/v2\/product\/25085","targetHints":{"allow":["GET"]}}],"collection":[{"href":"https:\/\/uj.adatbank.ro\/lexikon\/wp-json\/wp\/v2\/product"}],"about":[{"href":"https:\/\/uj.adatbank.ro\/lexikon\/wp-json\/wp\/v2\/types\/product"}],"replies":[{"embeddable":true,"href":"https:\/\/uj.adatbank.ro\/lexikon\/wp-json\/wp\/v2\/comments?post=25085"}],"wp:attachment":[{"href":"https:\/\/uj.adatbank.ro\/lexikon\/wp-json\/wp\/v2\/media?parent=25085"}],"wp:term":[{"taxonomy":"product_brand","embeddable":true,"href":"https:\/\/uj.adatbank.ro\/lexikon\/wp-json\/wp\/v2\/product_brand?post=25085"},{"taxonomy":"product_cat","embeddable":true,"href":"https:\/\/uj.adatbank.ro\/lexikon\/wp-json\/wp\/v2\/product_cat?post=25085"},{"taxonomy":"product_tag","embeddable":true,"href":"https:\/\/uj.adatbank.ro\/lexikon\/wp-json\/wp\/v2\/product_tag?post=25085"}],"curies":[{"name":"wp","href":"https:\/\/api.w.org\/{rel}","templated":true}]}}