{"id":25087,"date":"2025-08-01T18:32:32","date_gmt":"2025-08-01T16:32:32","guid":{"rendered":"https:\/\/uj.adatbank.ro\/lexikon\/termek\/zeyk-ilona\/"},"modified":"2025-08-01T18:32:32","modified_gmt":"2025-08-01T16:32:32","slug":"zeyk-ilona","status":"publish","type":"product","link":"https:\/\/uj.adatbank.ro\/lexikon\/termek\/zeyk-ilona\/","title":{"rendered":"ZEYK Ilona"},"content":{"rendered":"<p>S\u00e1romberke, 1863. okt. 6., \u2020 Cliffer (Pozsony), 1920.: csillagkeresztes h\u00f6lgy. \u2013 F\u00e9rjhez ment szer\u00e9mi herceg Odeschalchi Liviushoz (Kv., 1887. m\u00e1j. 14). <br \/><strong>\u2013 Irod.:<\/strong> Gudenus.<\/br><\/p>\n","protected":false},"excerpt":{"rendered":"<p>S\u00e1romberke, 1863. okt. 6., \u2020 Cliffer (Pozsony), 1920.: csillagkeresztes h\u00f6lgy. \u2013 F\u00e9rjhez ment szer\u00e9mi herceg Odeschalchi Liviushoz (Kv., 1887. m\u00e1j. 14). \u2013 Irod.: Gudenus.<\/p>\n","protected":false},"featured_media":0,"comment_status":"open","ping_status":"closed","template":"","meta":[],"product_brand":[],"product_cat":[137],"product_tag":[],"class_list":{"0":"post-25087","1":"product","2":"type-product","3":"status-publish","5":"product_cat-maros-megyei-eletrajzi-lexikon","7":"first","8":"instock","9":"shipping-taxable","10":"product-type-simple"},"_links":{"self":[{"href":"https:\/\/uj.adatbank.ro\/lexikon\/wp-json\/wp\/v2\/product\/25087","targetHints":{"allow":["GET"]}}],"collection":[{"href":"https:\/\/uj.adatbank.ro\/lexikon\/wp-json\/wp\/v2\/product"}],"about":[{"href":"https:\/\/uj.adatbank.ro\/lexikon\/wp-json\/wp\/v2\/types\/product"}],"replies":[{"embeddable":true,"href":"https:\/\/uj.adatbank.ro\/lexikon\/wp-json\/wp\/v2\/comments?post=25087"}],"wp:attachment":[{"href":"https:\/\/uj.adatbank.ro\/lexikon\/wp-json\/wp\/v2\/media?parent=25087"}],"wp:term":[{"taxonomy":"product_brand","embeddable":true,"href":"https:\/\/uj.adatbank.ro\/lexikon\/wp-json\/wp\/v2\/product_brand?post=25087"},{"taxonomy":"product_cat","embeddable":true,"href":"https:\/\/uj.adatbank.ro\/lexikon\/wp-json\/wp\/v2\/product_cat?post=25087"},{"taxonomy":"product_tag","embeddable":true,"href":"https:\/\/uj.adatbank.ro\/lexikon\/wp-json\/wp\/v2\/product_tag?post=25087"}],"curies":[{"name":"wp","href":"https:\/\/api.w.org\/{rel}","templated":true}]}}