{"id":25089,"date":"2025-08-01T18:32:37","date_gmt":"2025-08-01T16:32:37","guid":{"rendered":"https:\/\/uj.adatbank.ro\/lexikon\/termek\/zeyk-jozsef-zejkfalvi-br\/"},"modified":"2025-08-01T18:32:37","modified_gmt":"2025-08-01T16:32:37","slug":"zeyk-jozsef-zejkfalvi-br","status":"publish","type":"product","link":"https:\/\/uj.adatbank.ro\/lexikon\/termek\/zeyk-jozsef-zejkfalvi-br\/","title":{"rendered":"ZEYK J\u00f3zsef, zejkfalvi br."},"content":{"rendered":"<p>Pusztakamar\u00e1s (v. Mv.), 1805. nov. 30., \u2020 Kv., 1852. szept. 24. A H\u00e1zsong\u00e1rdi temet\u0151ben nyugszik: f\u00f6ldbirtokos, di\u00e9tai k\u00f6vet. \u2013 Feles\u00e9ge: 1. sz\u00e9ki gr. Teleki Jozefa (1835), T. J\u00f3zsef f\u0151korm\u00e1nysz\u00e9ki tan\u00e1csos \u00e9s Teleki Zs\u00f3fia le\u00e1nya, le\u00e1nyuk \u00c1gnes; 2. torock\u00f3szentgy\u00f6rgyi gr. Thoroczkay J\u00falia (1809\u20131890), esk\u00fcv\u0151 (1845\u2013), fi\u00fak: D\u00e1niel (1846\u20131886). \u2013 G\u00f6ttingenben filol\u00f3gi\u00e1t tanult (1831). Gyulafeh\u00e9rv\u00e1r k\u00f6vete az erd\u00e9lyi ogy.-en (1834\u2013), ellenz\u00e9ki oldalon. Kossuthtal egy\u00fctt T\u00f6r\u00f6ko.-ba menek\u00fclt. Onnan P\u00e1rizsba, Londonba, azut\u00e1n Braz\u00edli\u00e1ba, Uruguayba ment, majd az Egyes\u00fclt \u00c1llamokban \u00e9lt \u00e9s Abraham Lincoln eln\u00f6ks\u00e9ge idej\u00e9n t\u00f6bb eur\u00f3pai orsz\u00e1gban az Egyes\u00fclt \u00c1llamok konzulja volt. Orsz\u00e1ggy\u0171l\u00e9si besz\u00e9dei a Napl\u00f3ban vannak. <br \/><strong>\u2013 Irod.:<\/strong> Berekm\u00e9ri Istv\u00e1n Andr\u00e1s\u00e9: Minden poklokon kereszt\u00fcl (Mv., 2008). Gudenus; H\u00e1zsong\u00e1rd; M\u00e1th\u00e9 \u00c9va: A szobor f\u00f6ls\u00edr \u2013 l\u00e1togat\u00f3ban Kossuth id\u0151skori szerelm\u00e9nek d\u00e9dunok\u00e1j\u00e1n\u00e1l (V\u00e1s\u00e1rhelyi H\u00edrlap, 2008. jan. 10.); Paget; Szab\u00f3\u2013Sz\u00f6gi.<\/br><\/p>\n","protected":false},"excerpt":{"rendered":"<p>Pusztakamar\u00e1s (v. Mv.), 1805. nov. 30., \u2020 Kv., 1852. szept. 24. A H\u00e1zsong\u00e1rdi temet\u0151ben nyugszik: f\u00f6ldbirtokos, di\u00e9tai k\u00f6vet. \u2013 Feles\u00e9ge: 1. sz\u00e9ki gr. Teleki Jozefa (1835), T. J\u00f3zsef f\u0151korm\u00e1nysz\u00e9ki tan\u00e1csos \u00e9s Teleki Zs\u00f3fia le\u00e1nya, le\u00e1nyuk \u00c1gnes; 2. torock\u00f3szentgy\u00f6rgyi gr. Thoroczkay J\u00falia (1809\u20131890), esk\u00fcv\u0151 (1845\u2013), fi\u00fak: D\u00e1niel (1846\u20131886). \u2013 G\u00f6ttingenben filol\u00f3gi\u00e1t tanult (1831). Gyulafeh\u00e9rv\u00e1r k\u00f6vete az [&hellip;]<\/p>\n","protected":false},"featured_media":0,"comment_status":"open","ping_status":"closed","template":"","meta":[],"product_brand":[],"product_cat":[137],"product_tag":[],"class_list":{"0":"post-25089","1":"product","2":"type-product","3":"status-publish","5":"product_cat-maros-megyei-eletrajzi-lexikon","7":"first","8":"instock","9":"shipping-taxable","10":"product-type-simple"},"_links":{"self":[{"href":"https:\/\/uj.adatbank.ro\/lexikon\/wp-json\/wp\/v2\/product\/25089","targetHints":{"allow":["GET"]}}],"collection":[{"href":"https:\/\/uj.adatbank.ro\/lexikon\/wp-json\/wp\/v2\/product"}],"about":[{"href":"https:\/\/uj.adatbank.ro\/lexikon\/wp-json\/wp\/v2\/types\/product"}],"replies":[{"embeddable":true,"href":"https:\/\/uj.adatbank.ro\/lexikon\/wp-json\/wp\/v2\/comments?post=25089"}],"wp:attachment":[{"href":"https:\/\/uj.adatbank.ro\/lexikon\/wp-json\/wp\/v2\/media?parent=25089"}],"wp:term":[{"taxonomy":"product_brand","embeddable":true,"href":"https:\/\/uj.adatbank.ro\/lexikon\/wp-json\/wp\/v2\/product_brand?post=25089"},{"taxonomy":"product_cat","embeddable":true,"href":"https:\/\/uj.adatbank.ro\/lexikon\/wp-json\/wp\/v2\/product_cat?post=25089"},{"taxonomy":"product_tag","embeddable":true,"href":"https:\/\/uj.adatbank.ro\/lexikon\/wp-json\/wp\/v2\/product_tag?post=25089"}],"curies":[{"name":"wp","href":"https:\/\/api.w.org\/{rel}","templated":true}]}}