{"id":25093,"date":"2025-08-01T18:32:46","date_gmt":"2025-08-01T16:32:46","guid":{"rendered":"https:\/\/uj.adatbank.ro\/lexikon\/termek\/zeyk-kata-zeykfalvi-lecfalvi-gyarfas-jozsefne\/"},"modified":"2025-08-01T18:32:46","modified_gmt":"2025-08-01T16:32:46","slug":"zeyk-kata-zeykfalvi-lecfalvi-gyarfas-jozsefne","status":"publish","type":"product","link":"https:\/\/uj.adatbank.ro\/lexikon\/termek\/zeyk-kata-zeykfalvi-lecfalvi-gyarfas-jozsefne\/","title":{"rendered":"ZEYK Kata, zeykfalvi, l\u00e9cfalvi Gy\u00e1rf\u00e1s J\u00f3zsefn\u00e9"},"content":{"rendered":"<p>1784. m\u00e1rc. 10. \u2020\u00a0Mv., 1848.\u00a0nov. 4.: Z. D\u00e1niel \u00e9s Teleki Borb\u00e1la le\u00e1nya. Z. Zsuzsanna n\u0151v\u00e9re. Halotti c\u00edmere a kv.-i Farkas utcai templomban. <br \/><strong>\u2013 Irod.:<\/strong> Csekme, Entz\u2013Kov\u00e1cs; Mv.-i temet\u0151.<\/br><\/p>\n","protected":false},"excerpt":{"rendered":"<p>1784. m\u00e1rc. 10. \u2020\u00a0Mv., 1848.\u00a0nov. 4.: Z. D\u00e1niel \u00e9s Teleki Borb\u00e1la le\u00e1nya. Z. Zsuzsanna n\u0151v\u00e9re. Halotti c\u00edmere a kv.-i Farkas utcai templomban. \u2013 Irod.: Csekme, Entz\u2013Kov\u00e1cs; Mv.-i temet\u0151.<\/p>\n","protected":false},"featured_media":0,"comment_status":"open","ping_status":"closed","template":"","meta":[],"product_brand":[],"product_cat":[137],"product_tag":[],"class_list":{"0":"post-25093","1":"product","2":"type-product","3":"status-publish","5":"product_cat-maros-megyei-eletrajzi-lexikon","7":"first","8":"instock","9":"shipping-taxable","10":"product-type-simple"},"_links":{"self":[{"href":"https:\/\/uj.adatbank.ro\/lexikon\/wp-json\/wp\/v2\/product\/25093","targetHints":{"allow":["GET"]}}],"collection":[{"href":"https:\/\/uj.adatbank.ro\/lexikon\/wp-json\/wp\/v2\/product"}],"about":[{"href":"https:\/\/uj.adatbank.ro\/lexikon\/wp-json\/wp\/v2\/types\/product"}],"replies":[{"embeddable":true,"href":"https:\/\/uj.adatbank.ro\/lexikon\/wp-json\/wp\/v2\/comments?post=25093"}],"wp:attachment":[{"href":"https:\/\/uj.adatbank.ro\/lexikon\/wp-json\/wp\/v2\/media?parent=25093"}],"wp:term":[{"taxonomy":"product_brand","embeddable":true,"href":"https:\/\/uj.adatbank.ro\/lexikon\/wp-json\/wp\/v2\/product_brand?post=25093"},{"taxonomy":"product_cat","embeddable":true,"href":"https:\/\/uj.adatbank.ro\/lexikon\/wp-json\/wp\/v2\/product_cat?post=25093"},{"taxonomy":"product_tag","embeddable":true,"href":"https:\/\/uj.adatbank.ro\/lexikon\/wp-json\/wp\/v2\/product_tag?post=25093"}],"curies":[{"name":"wp","href":"https:\/\/api.w.org\/{rel}","templated":true}]}}