{"id":25095,"date":"2025-08-01T18:32:52","date_gmt":"2025-08-01T16:32:52","guid":{"rendered":"https:\/\/uj.adatbank.ro\/lexikon\/termek\/zeyk-margit-%c2%a7-zejkfalvi-sandor-belane\/"},"modified":"2025-08-01T18:32:52","modified_gmt":"2025-08-01T16:32:52","slug":"zeyk-margit-%c2%a7-zejkfalvi-sandor-belane","status":"publish","type":"product","link":"https:\/\/uj.adatbank.ro\/lexikon\/termek\/zeyk-margit-%c2%a7-zejkfalvi-sandor-belane\/","title":{"rendered":"ZEYK Margit, \u00a7 zejkfalvi, S\u00e1ndor B\u00e9l\u00e1n\u00e9"},"content":{"rendered":"<p>1894, \u2020 Bp., 1980. \u2013 Az els\u0151 vil\u00e1gh\u00e1bor\u00faban v\u00f6r\u00f6skeresztes \u00e1pol\u00f3n\u0151k\u00e9nt a fronton is teljes\u00edtett szolg\u00e1latot. Vele a Hunyad v\u00e1rmegyei t\u00f6rzs\u00f6k\u00f6s sz\u00e9kely csal\u00e1d, mely eredet\u00e9t 1236-re vezeti vissza, utols\u00f3 le\u00e1ny\u00e1gi lesz\u00e1rmazottja is kihalt. <br \/><strong>\u2013 Irod.:<\/strong> Kornis.<\/br><\/p>\n","protected":false},"excerpt":{"rendered":"<p>1894, \u2020 Bp., 1980. \u2013 Az els\u0151 vil\u00e1gh\u00e1bor\u00faban v\u00f6r\u00f6skeresztes \u00e1pol\u00f3n\u0151k\u00e9nt a fronton is teljes\u00edtett szolg\u00e1latot. Vele a Hunyad v\u00e1rmegyei t\u00f6rzs\u00f6k\u00f6s sz\u00e9kely csal\u00e1d, mely eredet\u00e9t 1236-re vezeti vissza, utols\u00f3 le\u00e1ny\u00e1gi lesz\u00e1rmazottja is kihalt. \u2013 Irod.: Kornis.<\/p>\n","protected":false},"featured_media":0,"comment_status":"open","ping_status":"closed","template":"","meta":[],"product_brand":[],"product_cat":[137],"product_tag":[],"class_list":{"0":"post-25095","1":"product","2":"type-product","3":"status-publish","5":"product_cat-maros-megyei-eletrajzi-lexikon","7":"first","8":"instock","9":"shipping-taxable","10":"product-type-simple"},"_links":{"self":[{"href":"https:\/\/uj.adatbank.ro\/lexikon\/wp-json\/wp\/v2\/product\/25095","targetHints":{"allow":["GET"]}}],"collection":[{"href":"https:\/\/uj.adatbank.ro\/lexikon\/wp-json\/wp\/v2\/product"}],"about":[{"href":"https:\/\/uj.adatbank.ro\/lexikon\/wp-json\/wp\/v2\/types\/product"}],"replies":[{"embeddable":true,"href":"https:\/\/uj.adatbank.ro\/lexikon\/wp-json\/wp\/v2\/comments?post=25095"}],"wp:attachment":[{"href":"https:\/\/uj.adatbank.ro\/lexikon\/wp-json\/wp\/v2\/media?parent=25095"}],"wp:term":[{"taxonomy":"product_brand","embeddable":true,"href":"https:\/\/uj.adatbank.ro\/lexikon\/wp-json\/wp\/v2\/product_brand?post=25095"},{"taxonomy":"product_cat","embeddable":true,"href":"https:\/\/uj.adatbank.ro\/lexikon\/wp-json\/wp\/v2\/product_cat?post=25095"},{"taxonomy":"product_tag","embeddable":true,"href":"https:\/\/uj.adatbank.ro\/lexikon\/wp-json\/wp\/v2\/product_tag?post=25095"}],"curies":[{"name":"wp","href":"https:\/\/api.w.org\/{rel}","templated":true}]}}