{"id":25096,"date":"2025-08-01T18:32:54","date_gmt":"2025-08-01T16:32:54","guid":{"rendered":"https:\/\/uj.adatbank.ro\/lexikon\/termek\/zeyk-miklos\/"},"modified":"2025-08-01T18:32:54","modified_gmt":"2025-08-01T16:32:54","slug":"zeyk-miklos","status":"publish","type":"product","link":"https:\/\/uj.adatbank.ro\/lexikon\/termek\/zeyk-miklos\/","title":{"rendered":"ZEYK Mikl\u00f3s"},"content":{"rendered":"<p>1822 k., \u2020 1887.: honv\u00e9d f\u0151hadnagy az 1848-as erd\u00e9lyi hadseregben. <br \/><strong>\u2013 Irod.:<\/strong> Paget.<\/br><\/p>\n","protected":false},"excerpt":{"rendered":"<p>1822 k., \u2020 1887.: honv\u00e9d f\u0151hadnagy az 1848-as erd\u00e9lyi hadseregben. \u2013 Irod.: Paget.<\/p>\n","protected":false},"featured_media":0,"comment_status":"open","ping_status":"closed","template":"","meta":[],"product_brand":[],"product_cat":[137],"product_tag":[],"class_list":{"0":"post-25096","1":"product","2":"type-product","3":"status-publish","5":"product_cat-maros-megyei-eletrajzi-lexikon","7":"first","8":"instock","9":"shipping-taxable","10":"product-type-simple"},"_links":{"self":[{"href":"https:\/\/uj.adatbank.ro\/lexikon\/wp-json\/wp\/v2\/product\/25096","targetHints":{"allow":["GET"]}}],"collection":[{"href":"https:\/\/uj.adatbank.ro\/lexikon\/wp-json\/wp\/v2\/product"}],"about":[{"href":"https:\/\/uj.adatbank.ro\/lexikon\/wp-json\/wp\/v2\/types\/product"}],"replies":[{"embeddable":true,"href":"https:\/\/uj.adatbank.ro\/lexikon\/wp-json\/wp\/v2\/comments?post=25096"}],"wp:attachment":[{"href":"https:\/\/uj.adatbank.ro\/lexikon\/wp-json\/wp\/v2\/media?parent=25096"}],"wp:term":[{"taxonomy":"product_brand","embeddable":true,"href":"https:\/\/uj.adatbank.ro\/lexikon\/wp-json\/wp\/v2\/product_brand?post=25096"},{"taxonomy":"product_cat","embeddable":true,"href":"https:\/\/uj.adatbank.ro\/lexikon\/wp-json\/wp\/v2\/product_cat?post=25096"},{"taxonomy":"product_tag","embeddable":true,"href":"https:\/\/uj.adatbank.ro\/lexikon\/wp-json\/wp\/v2\/product_tag?post=25096"}],"curies":[{"name":"wp","href":"https:\/\/api.w.org\/{rel}","templated":true}]}}