{"id":25101,"date":"2025-08-01T18:33:07","date_gmt":"2025-08-01T16:33:07","guid":{"rendered":"https:\/\/uj.adatbank.ro\/lexikon\/termek\/zichy-eleonora-elly-vasonkeoi-gr\/"},"modified":"2025-08-01T18:33:07","modified_gmt":"2025-08-01T16:33:07","slug":"zichy-eleonora-elly-vasonkeoi-gr","status":"publish","type":"product","link":"https:\/\/uj.adatbank.ro\/lexikon\/termek\/zichy-eleonora-elly-vasonkeoi-gr\/","title":{"rendered":"ZICHY Eleonora, Elly, v\u00e1sonke\u00f6i gr."},"content":{"rendered":"<p>? \u2020 N\u00e9meto., 2000. szept.: f\u00f6ldbirtokos. \u2013 Vajdaszentiv\u00e1nyr\u00f3l hozt\u00e1k be k\u00e9nyszerlakhelyre Mv.-re. A szeg\u00e9nyek \u00e9s elesettek seg\u00edt\u0151je. A m\u00e9lt\u00f3s\u00e1ggal elszenvedett meghurcoltat\u00e1sok ut\u00e1n N\u00e9meto.-i emigr\u00e1ci\u00f3ba k\u00e9nyszer\u00fclt, ahonnan mv.-i n\u00e9lk\u00fcl\u00f6z\u0151 csal\u00e1dok, egyetemi hallgat\u00f3k \u00e9s kisiskol\u00e1sok t\u00e1mogat\u00e1s\u00e1t szervezte meg. <br \/><strong>\u2013 Irod.:<\/strong> MMK; Mik\u00f3.<\/br><\/p>\n","protected":false},"excerpt":{"rendered":"<p>? \u2020 N\u00e9meto., 2000. szept.: f\u00f6ldbirtokos. \u2013 Vajdaszentiv\u00e1nyr\u00f3l hozt\u00e1k be k\u00e9nyszerlakhelyre Mv.-re. A szeg\u00e9nyek \u00e9s elesettek seg\u00edt\u0151je. A m\u00e9lt\u00f3s\u00e1ggal elszenvedett meghurcoltat\u00e1sok ut\u00e1n N\u00e9meto.-i emigr\u00e1ci\u00f3ba k\u00e9nyszer\u00fclt, ahonnan mv.-i n\u00e9lk\u00fcl\u00f6z\u0151 csal\u00e1dok, egyetemi hallgat\u00f3k \u00e9s kisiskol\u00e1sok t\u00e1mogat\u00e1s\u00e1t szervezte meg. \u2013 Irod.: MMK; Mik\u00f3.<\/p>\n","protected":false},"featured_media":0,"comment_status":"open","ping_status":"closed","template":"","meta":[],"product_brand":[],"product_cat":[137],"product_tag":[],"class_list":{"0":"post-25101","1":"product","2":"type-product","3":"status-publish","5":"product_cat-maros-megyei-eletrajzi-lexikon","7":"first","8":"instock","9":"shipping-taxable","10":"product-type-simple"},"_links":{"self":[{"href":"https:\/\/uj.adatbank.ro\/lexikon\/wp-json\/wp\/v2\/product\/25101","targetHints":{"allow":["GET"]}}],"collection":[{"href":"https:\/\/uj.adatbank.ro\/lexikon\/wp-json\/wp\/v2\/product"}],"about":[{"href":"https:\/\/uj.adatbank.ro\/lexikon\/wp-json\/wp\/v2\/types\/product"}],"replies":[{"embeddable":true,"href":"https:\/\/uj.adatbank.ro\/lexikon\/wp-json\/wp\/v2\/comments?post=25101"}],"wp:attachment":[{"href":"https:\/\/uj.adatbank.ro\/lexikon\/wp-json\/wp\/v2\/media?parent=25101"}],"wp:term":[{"taxonomy":"product_brand","embeddable":true,"href":"https:\/\/uj.adatbank.ro\/lexikon\/wp-json\/wp\/v2\/product_brand?post=25101"},{"taxonomy":"product_cat","embeddable":true,"href":"https:\/\/uj.adatbank.ro\/lexikon\/wp-json\/wp\/v2\/product_cat?post=25101"},{"taxonomy":"product_tag","embeddable":true,"href":"https:\/\/uj.adatbank.ro\/lexikon\/wp-json\/wp\/v2\/product_tag?post=25101"}],"curies":[{"name":"wp","href":"https:\/\/api.w.org\/{rel}","templated":true}]}}