{"id":25103,"date":"2025-08-01T18:33:12","date_gmt":"2025-08-01T16:33:12","guid":{"rendered":"https:\/\/uj.adatbank.ro\/lexikon\/termek\/zichy-janos\/"},"modified":"2025-08-01T18:33:12","modified_gmt":"2025-08-01T16:33:12","slug":"zichy-janos","status":"publish","type":"product","link":"https:\/\/uj.adatbank.ro\/lexikon\/termek\/zichy-janos\/","title":{"rendered":"ZICHY J\u00e1nos"},"content":{"rendered":"<p>? \u2020\u00a0?: B\u00e1thory Zsigmond erd. fejedelem mikh\u00e1zai Zicsy J\u00e1nos le\u00e1nyait, Ann\u00e1t, Erzs\u00e9betet \u00e9s Margitot, atyjuknak Marossz\u00e9ken Mikh\u00e1z\u00e1n l\u00e9v\u0151 r\u00e9szj\u00f3sz\u00e1g\u00e1ban, h\u00e1z\u00e1ban \u00e9s nemesi udvar\u00e1ban fi\u00fas\u00edtja \u00e9s \u00f6r\u00f6k\u00f6s\u00f6kk\u00e9 teszi.<\/br><\/p>\n","protected":false},"excerpt":{"rendered":"<p>? \u2020\u00a0?: B\u00e1thory Zsigmond erd. fejedelem mikh\u00e1zai Zicsy J\u00e1nos le\u00e1nyait, Ann\u00e1t, Erzs\u00e9betet \u00e9s Margitot, atyjuknak Marossz\u00e9ken Mikh\u00e1z\u00e1n l\u00e9v\u0151 r\u00e9szj\u00f3sz\u00e1g\u00e1ban, h\u00e1z\u00e1ban \u00e9s nemesi udvar\u00e1ban fi\u00fas\u00edtja \u00e9s \u00f6r\u00f6k\u00f6s\u00f6kk\u00e9 teszi.<\/p>\n","protected":false},"featured_media":0,"comment_status":"open","ping_status":"closed","template":"","meta":[],"product_brand":[],"product_cat":[137],"product_tag":[],"class_list":{"0":"post-25103","1":"product","2":"type-product","3":"status-publish","5":"product_cat-maros-megyei-eletrajzi-lexikon","7":"first","8":"instock","9":"shipping-taxable","10":"product-type-simple"},"_links":{"self":[{"href":"https:\/\/uj.adatbank.ro\/lexikon\/wp-json\/wp\/v2\/product\/25103","targetHints":{"allow":["GET"]}}],"collection":[{"href":"https:\/\/uj.adatbank.ro\/lexikon\/wp-json\/wp\/v2\/product"}],"about":[{"href":"https:\/\/uj.adatbank.ro\/lexikon\/wp-json\/wp\/v2\/types\/product"}],"replies":[{"embeddable":true,"href":"https:\/\/uj.adatbank.ro\/lexikon\/wp-json\/wp\/v2\/comments?post=25103"}],"wp:attachment":[{"href":"https:\/\/uj.adatbank.ro\/lexikon\/wp-json\/wp\/v2\/media?parent=25103"}],"wp:term":[{"taxonomy":"product_brand","embeddable":true,"href":"https:\/\/uj.adatbank.ro\/lexikon\/wp-json\/wp\/v2\/product_brand?post=25103"},{"taxonomy":"product_cat","embeddable":true,"href":"https:\/\/uj.adatbank.ro\/lexikon\/wp-json\/wp\/v2\/product_cat?post=25103"},{"taxonomy":"product_tag","embeddable":true,"href":"https:\/\/uj.adatbank.ro\/lexikon\/wp-json\/wp\/v2\/product_tag?post=25103"}],"curies":[{"name":"wp","href":"https:\/\/api.w.org\/{rel}","templated":true}]}}