{"id":25104,"date":"2025-08-01T18:33:14","date_gmt":"2025-08-01T16:33:14","guid":{"rendered":"https:\/\/uj.adatbank.ro\/lexikon\/termek\/zichy-jozefa-melania-georgina-huberta-antonia-zichi-es-vasonkeoi\/"},"modified":"2025-08-01T18:33:14","modified_gmt":"2025-08-01T16:33:14","slug":"zichy-jozefa-melania-georgina-huberta-antonia-zichi-es-vasonkeoi","status":"publish","type":"product","link":"https:\/\/uj.adatbank.ro\/lexikon\/termek\/zichy-jozefa-melania-georgina-huberta-antonia-zichi-es-vasonkeoi\/","title":{"rendered":"ZICHY Jozefa Mel\u00e1nia Georgina Huberta Ant\u00f3nia, zichi \u00e9s v\u00e1sonke\u00f6i"},"content":{"rendered":"<p>Bp., 1908. m\u00e1rc. 7. \u2020 ?: f\u00f6ldbirtokos. \u2013 Gr. Zichi Vladimir a vajdaszentiv\u00e1ni kast\u00e9lyban lakott a csal\u00e1d intern\u00e1l\u00e1s\u00e1ig (1949). A birtokot \u00e9s kast\u00e9lyt \u00e1llamos\u00edtott\u00e1k, de visszaker\u00fclt a csal\u00e1d tulajdon\u00e1ba. <br \/><strong>\u2013 Irod.:<\/strong> Nagy-Bod\u00f3 Tibor: Gyermektelen kisasszonyok kast\u00e9lya (K\u00f6zpont, 2016. m\u00e1j. 26. \u2013 j\u00fan. 1.).<\/br><\/p>\n","protected":false},"excerpt":{"rendered":"<p>Bp., 1908. m\u00e1rc. 7. \u2020 ?: f\u00f6ldbirtokos. \u2013 Gr. Zichi Vladimir a vajdaszentiv\u00e1ni kast\u00e9lyban lakott a csal\u00e1d intern\u00e1l\u00e1s\u00e1ig (1949). A birtokot \u00e9s kast\u00e9lyt \u00e1llamos\u00edtott\u00e1k, de visszaker\u00fclt a csal\u00e1d tulajdon\u00e1ba. \u2013 Irod.: Nagy-Bod\u00f3 Tibor: Gyermektelen kisasszonyok kast\u00e9lya (K\u00f6zpont, 2016. m\u00e1j. 26. \u2013 j\u00fan. 1.).<\/p>\n","protected":false},"featured_media":0,"comment_status":"open","ping_status":"closed","template":"","meta":[],"product_brand":[],"product_cat":[137],"product_tag":[],"class_list":{"0":"post-25104","1":"product","2":"type-product","3":"status-publish","5":"product_cat-maros-megyei-eletrajzi-lexikon","7":"first","8":"instock","9":"shipping-taxable","10":"product-type-simple"},"_links":{"self":[{"href":"https:\/\/uj.adatbank.ro\/lexikon\/wp-json\/wp\/v2\/product\/25104","targetHints":{"allow":["GET"]}}],"collection":[{"href":"https:\/\/uj.adatbank.ro\/lexikon\/wp-json\/wp\/v2\/product"}],"about":[{"href":"https:\/\/uj.adatbank.ro\/lexikon\/wp-json\/wp\/v2\/types\/product"}],"replies":[{"embeddable":true,"href":"https:\/\/uj.adatbank.ro\/lexikon\/wp-json\/wp\/v2\/comments?post=25104"}],"wp:attachment":[{"href":"https:\/\/uj.adatbank.ro\/lexikon\/wp-json\/wp\/v2\/media?parent=25104"}],"wp:term":[{"taxonomy":"product_brand","embeddable":true,"href":"https:\/\/uj.adatbank.ro\/lexikon\/wp-json\/wp\/v2\/product_brand?post=25104"},{"taxonomy":"product_cat","embeddable":true,"href":"https:\/\/uj.adatbank.ro\/lexikon\/wp-json\/wp\/v2\/product_cat?post=25104"},{"taxonomy":"product_tag","embeddable":true,"href":"https:\/\/uj.adatbank.ro\/lexikon\/wp-json\/wp\/v2\/product_tag?post=25104"}],"curies":[{"name":"wp","href":"https:\/\/api.w.org\/{rel}","templated":true}]}}