{"id":25105,"date":"2025-08-01T18:33:16","date_gmt":"2025-08-01T16:33:16","guid":{"rendered":"https:\/\/uj.adatbank.ro\/lexikon\/termek\/zichy-melania-georgina-huberta-antonia-zichy-es-vasonkeoi-gr-gr-zichi-vladimirne\/"},"modified":"2025-08-01T18:33:16","modified_gmt":"2025-08-01T16:33:16","slug":"zichy-melania-georgina-huberta-antonia-zichy-es-vasonkeoi-gr-gr-zichi-vladimirne","status":"publish","type":"product","link":"https:\/\/uj.adatbank.ro\/lexikon\/termek\/zichy-melania-georgina-huberta-antonia-zichy-es-vasonkeoi-gr-gr-zichi-vladimirne\/","title":{"rendered":"ZICHY Mel\u00e1nia Georgina Huberta Ant\u00f3nia, zichy \u00e9s v\u00e1sonke\u00f6i gr., gr. Zichi Vladimirn\u00e9"},"content":{"rendered":"<p>Sz\u00e9kelyf\u00f6ldv\u00e1r, 1881. j\u00fal. 3., \u2020 Mv., 1968. \u00e1pr. 3.: birtokos. \u2013 Z. Istv\u00e1n \u00e9s Thumborg gr. Klebersberg Jozefin (1859 \u2013 Gerend, 1940. j\u00fan. 5) le\u00e1nya. F\u00e9rje Zichy Vladimir, (esk. 1880). Gyermekeik: Z. Ladom\u00e9r, M\u00e1ria B\u00e1nffy D\u00e1nieln\u00e9, Jozefin, Eleonora, G\u00e1bor. \u2013 Vajdaszentiv\u00e1nyon volt 1100 hold feletti birtoka (1922), a marosszentgy\u00f6rgyi, unokai, magyarf\u00fclp\u00f6si \u00e9s fels\u0151idecsi birtokai kisaj\u00e1t\u00edt\u00e1s al\u00e1 estek (1922). A csal\u00e1d intern\u00e1l\u00e1s\u00e1ig a vajdaszentiv\u00e1nyi kast\u00e9lyban lakott (1949-ig). <br \/><strong>\u2013 Irod.:<\/strong> Gudenus; Lev\u00e9lt\u00e1ri gy\u00e1szj.; Nagy-Bod\u00f3 Tibor: Az 1132-b\u0151l sz\u00e1rmaz\u00f3 telep\u00fcl\u00e9s kast\u00e9lya (K\u00f6zpont, 2016. m\u00e1j. 19\u201325.); Vajdaszentiv\u00e1ny.<\/br><\/p>\n","protected":false},"excerpt":{"rendered":"<p>Sz\u00e9kelyf\u00f6ldv\u00e1r, 1881. j\u00fal. 3., \u2020 Mv., 1968. \u00e1pr. 3.: birtokos. \u2013 Z. Istv\u00e1n \u00e9s Thumborg gr. Klebersberg Jozefin (1859 \u2013 Gerend, 1940. j\u00fan. 5) le\u00e1nya. F\u00e9rje Zichy Vladimir, (esk. 1880). Gyermekeik: Z. Ladom\u00e9r, M\u00e1ria B\u00e1nffy D\u00e1nieln\u00e9, Jozefin, Eleonora, G\u00e1bor. \u2013 Vajdaszentiv\u00e1nyon volt 1100 hold feletti birtoka (1922), a marosszentgy\u00f6rgyi, unokai, magyarf\u00fclp\u00f6si \u00e9s fels\u0151idecsi birtokai kisaj\u00e1t\u00edt\u00e1s [&hellip;]<\/p>\n","protected":false},"featured_media":0,"comment_status":"open","ping_status":"closed","template":"","meta":[],"product_brand":[],"product_cat":[137],"product_tag":[],"class_list":{"0":"post-25105","1":"product","2":"type-product","3":"status-publish","5":"product_cat-maros-megyei-eletrajzi-lexikon","7":"first","8":"instock","9":"shipping-taxable","10":"product-type-simple"},"_links":{"self":[{"href":"https:\/\/uj.adatbank.ro\/lexikon\/wp-json\/wp\/v2\/product\/25105","targetHints":{"allow":["GET"]}}],"collection":[{"href":"https:\/\/uj.adatbank.ro\/lexikon\/wp-json\/wp\/v2\/product"}],"about":[{"href":"https:\/\/uj.adatbank.ro\/lexikon\/wp-json\/wp\/v2\/types\/product"}],"replies":[{"embeddable":true,"href":"https:\/\/uj.adatbank.ro\/lexikon\/wp-json\/wp\/v2\/comments?post=25105"}],"wp:attachment":[{"href":"https:\/\/uj.adatbank.ro\/lexikon\/wp-json\/wp\/v2\/media?parent=25105"}],"wp:term":[{"taxonomy":"product_brand","embeddable":true,"href":"https:\/\/uj.adatbank.ro\/lexikon\/wp-json\/wp\/v2\/product_brand?post=25105"},{"taxonomy":"product_cat","embeddable":true,"href":"https:\/\/uj.adatbank.ro\/lexikon\/wp-json\/wp\/v2\/product_cat?post=25105"},{"taxonomy":"product_tag","embeddable":true,"href":"https:\/\/uj.adatbank.ro\/lexikon\/wp-json\/wp\/v2\/product_tag?post=25105"}],"curies":[{"name":"wp","href":"https:\/\/api.w.org\/{rel}","templated":true}]}}