{"id":25106,"date":"2025-08-01T18:33:17","date_gmt":"2025-08-01T16:33:17","guid":{"rendered":"https:\/\/uj.adatbank.ro\/lexikon\/termek\/zichy-wladimir-zichy-es-vasonkeoi-gr\/"},"modified":"2025-08-01T18:33:17","modified_gmt":"2025-08-01T16:33:17","slug":"zichy-wladimir-zichy-es-vasonkeoi-gr","status":"publish","type":"product","link":"https:\/\/uj.adatbank.ro\/lexikon\/termek\/zichy-wladimir-zichy-es-vasonkeoi-gr\/","title":{"rendered":"ZICHY Wladimir, zichy \u00e9s vasonke\u00f6i gr."},"content":{"rendered":"<p>Pozsony, 1864. m\u00e1j. 4. \u2020 Bp., 1929. febr. 8.: f\u00f6ldbirtokos. \u2013 K\u00f6z\u00e9piskol\u00e1it Kalksburgban, Sopronban v\u00e9gezte, majd jogi fakult\u00e1son tanult tov\u00e1bb. A balassagyarmati ker\u00fclet k\u00e9pvisel\u0151je lett (1905\u20131912); Vajdaszentiv\u00e1nyon voltak 100 holdon fel\u00fcli birtokai (1895), a Klebersberg birtok \u00f6r\u00f6k\u00f6se, amely feles\u00e9g\u00e9nek Z. Melanie-nak \u00f6r\u00f6ks\u00e9ge volt, ezt a birtokot vezette (\u20131929). A birtok 600 holdon ter\u00fcl el nagyobb r\u00e9sz\u00e9t a rom\u00e1nok kisaj\u00e1t\u00edtott\u00e1k. Cukorr\u00e9pa, sz\u00f3jabab a f\u0151term\u00e9s, \u00e9s nevezetess\u00e9ge volt a yorkshire-i sert\u00e9steny\u00e9szt\u00e9s, valamint a magas f\u00e9lv\u00e9r \u00e9s teliv\u00e9r lovak. K\u00f6rtekapuban (Vajdaszentiv\u00e1ny) birtokolt egy malmot \u00e9s v\u00edzif\u0171r\u00e9sz\u00fczemet is alap\u00edtott \u00e9s \u00fczemeltetett (1926). <br \/><strong>\u2013 Irod.:<\/strong> K\u00e1d\u00e1r\u2013P\u00e1l-Antal; Pan\u0103; Kornis; Sz\u00e9kelyf\u00f6ld \u00ed. k.; Vajdaszentiv\u00e1ny.<\/br><\/p>\n","protected":false},"excerpt":{"rendered":"<p>Pozsony, 1864. m\u00e1j. 4. \u2020 Bp., 1929. febr. 8.: f\u00f6ldbirtokos. \u2013 K\u00f6z\u00e9piskol\u00e1it Kalksburgban, Sopronban v\u00e9gezte, majd jogi fakult\u00e1son tanult tov\u00e1bb. A balassagyarmati ker\u00fclet k\u00e9pvisel\u0151je lett (1905\u20131912); Vajdaszentiv\u00e1nyon voltak 100 holdon fel\u00fcli birtokai (1895), a Klebersberg birtok \u00f6r\u00f6k\u00f6se, amely feles\u00e9g\u00e9nek Z. Melanie-nak \u00f6r\u00f6ks\u00e9ge volt, ezt a birtokot vezette (\u20131929). A birtok 600 holdon ter\u00fcl el nagyobb [&hellip;]<\/p>\n","protected":false},"featured_media":0,"comment_status":"open","ping_status":"closed","template":"","meta":[],"product_brand":[],"product_cat":[137],"product_tag":[],"class_list":{"0":"post-25106","1":"product","2":"type-product","3":"status-publish","5":"product_cat-maros-megyei-eletrajzi-lexikon","7":"first","8":"instock","9":"shipping-taxable","10":"product-type-simple"},"_links":{"self":[{"href":"https:\/\/uj.adatbank.ro\/lexikon\/wp-json\/wp\/v2\/product\/25106","targetHints":{"allow":["GET"]}}],"collection":[{"href":"https:\/\/uj.adatbank.ro\/lexikon\/wp-json\/wp\/v2\/product"}],"about":[{"href":"https:\/\/uj.adatbank.ro\/lexikon\/wp-json\/wp\/v2\/types\/product"}],"replies":[{"embeddable":true,"href":"https:\/\/uj.adatbank.ro\/lexikon\/wp-json\/wp\/v2\/comments?post=25106"}],"wp:attachment":[{"href":"https:\/\/uj.adatbank.ro\/lexikon\/wp-json\/wp\/v2\/media?parent=25106"}],"wp:term":[{"taxonomy":"product_brand","embeddable":true,"href":"https:\/\/uj.adatbank.ro\/lexikon\/wp-json\/wp\/v2\/product_brand?post=25106"},{"taxonomy":"product_cat","embeddable":true,"href":"https:\/\/uj.adatbank.ro\/lexikon\/wp-json\/wp\/v2\/product_cat?post=25106"},{"taxonomy":"product_tag","embeddable":true,"href":"https:\/\/uj.adatbank.ro\/lexikon\/wp-json\/wp\/v2\/product_tag?post=25106"}],"curies":[{"name":"wp","href":"https:\/\/api.w.org\/{rel}","templated":true}]}}