{"id":25108,"date":"2025-08-01T18:33:21","date_gmt":"2025-08-01T16:33:21","guid":{"rendered":"https:\/\/uj.adatbank.ro\/lexikon\/termek\/ziegler-emil\/"},"modified":"2025-08-01T18:33:21","modified_gmt":"2025-08-01T16:33:21","slug":"ziegler-emil","status":"publish","type":"product","link":"https:\/\/uj.adatbank.ro\/lexikon\/termek\/ziegler-emil\/","title":{"rendered":"ZIEGLER Emil"},"content":{"rendered":"<p>? \u2020\u00a0?: ? . \u2013 Gyermekei: Erzsi, Olga, Zolt\u00e1n, G\u00e9za, Jen\u0151, S\u00e1ndor. \u2013 A Mv.-en alakult Tornaegyes\u00fclet kuglioszt\u00e1lya fel\u00fcgyel\u0151je volt (1884\u2013). <br \/><strong>\u2013 Irod.:<\/strong> Sikl\u00f3ssy; (Sz\u00e9kelyf\u00f6ld, 2004, 10. sz.).<\/br><\/p>\n","protected":false},"excerpt":{"rendered":"<p>? \u2020\u00a0?: ? . \u2013 Gyermekei: Erzsi, Olga, Zolt\u00e1n, G\u00e9za, Jen\u0151, S\u00e1ndor. \u2013 A Mv.-en alakult Tornaegyes\u00fclet kuglioszt\u00e1lya fel\u00fcgyel\u0151je volt (1884\u2013). \u2013 Irod.: Sikl\u00f3ssy; (Sz\u00e9kelyf\u00f6ld, 2004, 10. sz.).<\/p>\n","protected":false},"featured_media":0,"comment_status":"open","ping_status":"closed","template":"","meta":[],"product_brand":[],"product_cat":[137],"product_tag":[],"class_list":{"0":"post-25108","1":"product","2":"type-product","3":"status-publish","5":"product_cat-maros-megyei-eletrajzi-lexikon","7":"first","8":"instock","9":"shipping-taxable","10":"product-type-simple"},"_links":{"self":[{"href":"https:\/\/uj.adatbank.ro\/lexikon\/wp-json\/wp\/v2\/product\/25108","targetHints":{"allow":["GET"]}}],"collection":[{"href":"https:\/\/uj.adatbank.ro\/lexikon\/wp-json\/wp\/v2\/product"}],"about":[{"href":"https:\/\/uj.adatbank.ro\/lexikon\/wp-json\/wp\/v2\/types\/product"}],"replies":[{"embeddable":true,"href":"https:\/\/uj.adatbank.ro\/lexikon\/wp-json\/wp\/v2\/comments?post=25108"}],"wp:attachment":[{"href":"https:\/\/uj.adatbank.ro\/lexikon\/wp-json\/wp\/v2\/media?parent=25108"}],"wp:term":[{"taxonomy":"product_brand","embeddable":true,"href":"https:\/\/uj.adatbank.ro\/lexikon\/wp-json\/wp\/v2\/product_brand?post=25108"},{"taxonomy":"product_cat","embeddable":true,"href":"https:\/\/uj.adatbank.ro\/lexikon\/wp-json\/wp\/v2\/product_cat?post=25108"},{"taxonomy":"product_tag","embeddable":true,"href":"https:\/\/uj.adatbank.ro\/lexikon\/wp-json\/wp\/v2\/product_tag?post=25108"}],"curies":[{"name":"wp","href":"https:\/\/api.w.org\/{rel}","templated":true}]}}