{"id":25109,"date":"2025-08-01T18:33:23","date_gmt":"2025-08-01T16:33:23","guid":{"rendered":"https:\/\/uj.adatbank.ro\/lexikon\/termek\/ziegler-emil-2\/"},"modified":"2025-08-01T18:33:23","modified_gmt":"2025-08-01T16:33:23","slug":"ziegler-emil-2","status":"publish","type":"product","link":"https:\/\/uj.adatbank.ro\/lexikon\/termek\/ziegler-emil-2\/","title":{"rendered":"ZIEGLER Emil"},"content":{"rendered":"<p>? \u2020\u00a0?: csend\u0151rezredes. \u2013 Z. K\u00e1roly \u00f6ccse. Le\u00e1nya, M\u00e1rta volt Bart\u00f3k B\u00e9la els\u0151 feles\u00e9ge. <br \/><strong>\u2013 Irod.:<\/strong> Adamovits S\u00e1ndor: Bart\u00f3k eml\u00e9ke V\u00e1s\u00e1rhelyen (\u00daj Kezdet, 2005. nov., 11. sz.); Sipos.<\/br><\/p>\n","protected":false},"excerpt":{"rendered":"<p>? \u2020\u00a0?: csend\u0151rezredes. \u2013 Z. K\u00e1roly \u00f6ccse. Le\u00e1nya, M\u00e1rta volt Bart\u00f3k B\u00e9la els\u0151 feles\u00e9ge. \u2013 Irod.: Adamovits S\u00e1ndor: Bart\u00f3k eml\u00e9ke V\u00e1s\u00e1rhelyen (\u00daj Kezdet, 2005. nov., 11. sz.); Sipos.<\/p>\n","protected":false},"featured_media":0,"comment_status":"open","ping_status":"closed","template":"","meta":[],"product_brand":[],"product_cat":[137],"product_tag":[],"class_list":{"0":"post-25109","1":"product","2":"type-product","3":"status-publish","5":"product_cat-maros-megyei-eletrajzi-lexikon","7":"first","8":"instock","9":"shipping-taxable","10":"product-type-simple"},"_links":{"self":[{"href":"https:\/\/uj.adatbank.ro\/lexikon\/wp-json\/wp\/v2\/product\/25109","targetHints":{"allow":["GET"]}}],"collection":[{"href":"https:\/\/uj.adatbank.ro\/lexikon\/wp-json\/wp\/v2\/product"}],"about":[{"href":"https:\/\/uj.adatbank.ro\/lexikon\/wp-json\/wp\/v2\/types\/product"}],"replies":[{"embeddable":true,"href":"https:\/\/uj.adatbank.ro\/lexikon\/wp-json\/wp\/v2\/comments?post=25109"}],"wp:attachment":[{"href":"https:\/\/uj.adatbank.ro\/lexikon\/wp-json\/wp\/v2\/media?parent=25109"}],"wp:term":[{"taxonomy":"product_brand","embeddable":true,"href":"https:\/\/uj.adatbank.ro\/lexikon\/wp-json\/wp\/v2\/product_brand?post=25109"},{"taxonomy":"product_cat","embeddable":true,"href":"https:\/\/uj.adatbank.ro\/lexikon\/wp-json\/wp\/v2\/product_cat?post=25109"},{"taxonomy":"product_tag","embeddable":true,"href":"https:\/\/uj.adatbank.ro\/lexikon\/wp-json\/wp\/v2\/product_tag?post=25109"}],"curies":[{"name":"wp","href":"https:\/\/api.w.org\/{rel}","templated":true}]}}