{"id":25111,"date":"2025-08-01T18:33:29","date_gmt":"2025-08-01T16:33:29","guid":{"rendered":"https:\/\/uj.adatbank.ro\/lexikon\/termek\/ziegler-johann\/"},"modified":"2025-08-01T18:33:29","modified_gmt":"2025-08-01T16:33:29","slug":"ziegler-johann","status":"publish","type":"product","link":"https:\/\/uj.adatbank.ro\/lexikon\/termek\/ziegler-johann\/","title":{"rendered":"ZIEGLER, Johann"},"content":{"rendered":"<p>Segesv\u00e1r, 1838. jan. 14., \u2020\u00a0Erked, 1919. okt. 12.: ev. pap \u00e9s gimn\u00e1ziumi igazgat\u00f3. \u2013Apja sz\u0171csmester. Sz\u00fcl\u0151v\u00e1ros\u00e1ban gimn\u00e1ziumi tanulm\u00e1nyait bev\u00e9gezv\u00e9n (1857), k\u00fclf\u00f6ldre ment. J\u00e9n\u00e1ban (1857), Berlinben (1858\u201359) \u00e9s B\u00e9csben (1859\u201360) teol\u00f3giai, t\u00f6rt\u00e9nelmi, klasszika-filol\u00f3giai \u00e9s pedag\u00f3giai el\u0151ad\u00e1sokat hallgatott. Seg\u00e9dtan\u00e1r lett a segesv\u00e1ri gimn\u00e1ziumban (1860), majd a fels\u0151bb le\u00e1nyiskola igazgat\u00f3ja s hitsz\u00f3nok (1869), a gimn\u00e1zium igazgat\u00f3ja (1872\u201378); Erkeden lelk\u00e9sz (1878\u20131919). \u2013  <strong>F. m..:<\/strong> Johannes Hunyadi. (Nagyszeben, 1873.); Luthers Bedeutung f\u00fcr die Volksschule. (s.l. 1883.), Aus dem Leben des ev. s\u00e4chsischen Dechanten Joh. Gottlieb Mild (1886.). <br \/><strong>\u2013 Irod.:<\/strong> Szab\u00f3\u2013Simon\u2013Sz\u00f6gi; Szinnyei.<\/br><\/p>\n","protected":false},"excerpt":{"rendered":"<p>Segesv\u00e1r, 1838. jan. 14., \u2020\u00a0Erked, 1919. okt. 12.: ev. pap \u00e9s gimn\u00e1ziumi igazgat\u00f3. \u2013Apja sz\u0171csmester. Sz\u00fcl\u0151v\u00e1ros\u00e1ban gimn\u00e1ziumi tanulm\u00e1nyait bev\u00e9gezv\u00e9n (1857), k\u00fclf\u00f6ldre ment. J\u00e9n\u00e1ban (1857), Berlinben (1858\u201359) \u00e9s B\u00e9csben (1859\u201360) teol\u00f3giai, t\u00f6rt\u00e9nelmi, klasszika-filol\u00f3giai \u00e9s pedag\u00f3giai el\u0151ad\u00e1sokat hallgatott. Seg\u00e9dtan\u00e1r lett a segesv\u00e1ri gimn\u00e1ziumban (1860), majd a fels\u0151bb le\u00e1nyiskola igazgat\u00f3ja s hitsz\u00f3nok (1869), a gimn\u00e1zium igazgat\u00f3ja (1872\u201378); Erkeden [&hellip;]<\/p>\n","protected":false},"featured_media":0,"comment_status":"open","ping_status":"closed","template":"","meta":[],"product_brand":[],"product_cat":[137],"product_tag":[],"class_list":{"0":"post-25111","1":"product","2":"type-product","3":"status-publish","5":"product_cat-maros-megyei-eletrajzi-lexikon","7":"first","8":"instock","9":"shipping-taxable","10":"product-type-simple"},"_links":{"self":[{"href":"https:\/\/uj.adatbank.ro\/lexikon\/wp-json\/wp\/v2\/product\/25111","targetHints":{"allow":["GET"]}}],"collection":[{"href":"https:\/\/uj.adatbank.ro\/lexikon\/wp-json\/wp\/v2\/product"}],"about":[{"href":"https:\/\/uj.adatbank.ro\/lexikon\/wp-json\/wp\/v2\/types\/product"}],"replies":[{"embeddable":true,"href":"https:\/\/uj.adatbank.ro\/lexikon\/wp-json\/wp\/v2\/comments?post=25111"}],"wp:attachment":[{"href":"https:\/\/uj.adatbank.ro\/lexikon\/wp-json\/wp\/v2\/media?parent=25111"}],"wp:term":[{"taxonomy":"product_brand","embeddable":true,"href":"https:\/\/uj.adatbank.ro\/lexikon\/wp-json\/wp\/v2\/product_brand?post=25111"},{"taxonomy":"product_cat","embeddable":true,"href":"https:\/\/uj.adatbank.ro\/lexikon\/wp-json\/wp\/v2\/product_cat?post=25111"},{"taxonomy":"product_tag","embeddable":true,"href":"https:\/\/uj.adatbank.ro\/lexikon\/wp-json\/wp\/v2\/product_tag?post=25111"}],"curies":[{"name":"wp","href":"https:\/\/api.w.org\/{rel}","templated":true}]}}