{"id":25112,"date":"2025-08-01T18:33:30","date_gmt":"2025-08-01T16:33:30","guid":{"rendered":"https:\/\/uj.adatbank.ro\/lexikon\/termek\/ziegler-karoly-felsovecsei-cziegler-karoly-ziegler-carl-daniel-ziegler-carol\/"},"modified":"2025-08-01T18:33:30","modified_gmt":"2025-08-01T16:33:30","slug":"ziegler-karoly-felsovecsei-cziegler-karoly-ziegler-carl-daniel-ziegler-carol","status":"publish","type":"product","link":"https:\/\/uj.adatbank.ro\/lexikon\/termek\/ziegler-karoly-felsovecsei-cziegler-karoly-ziegler-carl-daniel-ziegler-carol\/","title":{"rendered":"ZIEGLER K\u00e1roly, fels\u0151vecsei; Cziegler K\u00e1roly, Ziegler Carl Daniel, Ziegler Carol"},"content":{"rendered":"<p>Beszterce, 1801. m\u00e1rc. 4., \u2020 Mv., 1849. okt. 23., s\u00edrja a mv.-i ref. temet\u0151ben; orvos, rend\u0151rorvos. \u2013 Testv\u00e9rei: Z. Vilma \u2013 G\u00f6r\u00f6g K\u00e1rolyn\u00e9; Z. N\u00e1ndor. Feles\u00e9ge br. Galois Cecile (Grodek, Gal\u00edcia, 1818. okt. 11. \u2013 Mv., 1883. dec. 12. \u2013 a s\u00edrfelirat szerint: 1885.). Gyermekeik: C\u00e9cile makfalvi D\u00f3sa G\u00e1born\u00e9 (1850\u20131874); Z. Franz Karl K\u00e1roly (Mv., 1845, jan. 23. \u2013 Bp., 1917.) csend\u0151rkapit\u00e1ny Pozsonyban, hal\u00e1lakor alt\u00e1bornagy; Z. Emil kir. j\u00e1r\u00e1sb\u00edr\u00f3 Kv.-on, feles\u00e9ge: Szentkir\u00e1lyi Erzs\u00e9bet (1877\u20131908); Z. Hermine nagyajtai Cserey \u00c1kosn\u00e9 (1848\u20131892). \u2013 Sz\u00fcl\u0151v\u00e1ros\u00e1ban v\u00e9gezte a k\u00f6z\u00e9piskol\u00e1t, majd B\u00e9csben teol\u00f3gi\u00e1t tanult. El\u0151bb a beszterceb\u00e1nyai k\u00f6z\u00e9piskol\u00e1ban tan\u00edtott, k\u00e9s\u0151bb Teleki Ferenc csal\u00e1dj\u00e1n\u00e1l nevel\u0151sk\u00f6d\u00f6tt, mialatt tan\u00edtv\u00e1ny\u00e1val B\u00e9csbe ment, ahol orvosi diplom\u00e1t szerzett (1841). Mv.-en telepedett le, rendel\u0151t nyitott, v\u00e1rosi f\u0151orvos volt (1841\u201349). Tiszteletbeli tiszti f\u0151orvos, rend\u0151rorvos (1908). \u2013  <strong>F. m..:<\/strong> Dissertatio inaug. medico-physiologica de digestione (B\u00e9cs, 1841). <br \/><strong>\u2013 Irod.:<\/strong> 1924\u20131944 Helikon; Almanah Tg. M.; Bern\u00e1dy; Csekme; Genersichek; Gy\u00e1szjelent\u0151; Gy\u0151ry; Id\u0151t\u00e1r 1; H\u00edres polg\u00e1rok; Kr\u00f3n. F\u00fcz. (1939. 4\/4); P\u00e1l-Antal; P\u00e1l-Antal 2002; P\u00e1lmay J\u00f3zsef; Sipos; Szinnyei; Todea; \u00dcnnepi k\u00f6nyv.<\/br><\/p>\n","protected":false},"excerpt":{"rendered":"<p>Beszterce, 1801. m\u00e1rc. 4., \u2020 Mv., 1849. okt. 23., s\u00edrja a mv.-i ref. temet\u0151ben; orvos, rend\u0151rorvos. \u2013 Testv\u00e9rei: Z. Vilma \u2013 G\u00f6r\u00f6g K\u00e1rolyn\u00e9; Z. N\u00e1ndor. Feles\u00e9ge br. Galois Cecile (Grodek, Gal\u00edcia, 1818. okt. 11. \u2013 Mv., 1883. dec. 12. \u2013 a s\u00edrfelirat szerint: 1885.). Gyermekeik: C\u00e9cile makfalvi D\u00f3sa G\u00e1born\u00e9 (1850\u20131874); Z. Franz Karl K\u00e1roly (Mv., [&hellip;]<\/p>\n","protected":false},"featured_media":0,"comment_status":"open","ping_status":"closed","template":"","meta":[],"product_brand":[],"product_cat":[137],"product_tag":[],"class_list":{"0":"post-25112","1":"product","2":"type-product","3":"status-publish","5":"product_cat-maros-megyei-eletrajzi-lexikon","7":"first","8":"instock","9":"shipping-taxable","10":"product-type-simple"},"_links":{"self":[{"href":"https:\/\/uj.adatbank.ro\/lexikon\/wp-json\/wp\/v2\/product\/25112","targetHints":{"allow":["GET"]}}],"collection":[{"href":"https:\/\/uj.adatbank.ro\/lexikon\/wp-json\/wp\/v2\/product"}],"about":[{"href":"https:\/\/uj.adatbank.ro\/lexikon\/wp-json\/wp\/v2\/types\/product"}],"replies":[{"embeddable":true,"href":"https:\/\/uj.adatbank.ro\/lexikon\/wp-json\/wp\/v2\/comments?post=25112"}],"wp:attachment":[{"href":"https:\/\/uj.adatbank.ro\/lexikon\/wp-json\/wp\/v2\/media?parent=25112"}],"wp:term":[{"taxonomy":"product_brand","embeddable":true,"href":"https:\/\/uj.adatbank.ro\/lexikon\/wp-json\/wp\/v2\/product_brand?post=25112"},{"taxonomy":"product_cat","embeddable":true,"href":"https:\/\/uj.adatbank.ro\/lexikon\/wp-json\/wp\/v2\/product_cat?post=25112"},{"taxonomy":"product_tag","embeddable":true,"href":"https:\/\/uj.adatbank.ro\/lexikon\/wp-json\/wp\/v2\/product_tag?post=25112"}],"curies":[{"name":"wp","href":"https:\/\/api.w.org\/{rel}","templated":true}]}}