{"id":25115,"date":"2025-08-01T18:33:37","date_gmt":"2025-08-01T16:33:37","guid":{"rendered":"https:\/\/uj.adatbank.ro\/lexikon\/termek\/ziegler-laszlo\/"},"modified":"2025-08-01T18:33:37","modified_gmt":"2025-08-01T16:33:37","slug":"ziegler-laszlo","status":"publish","type":"product","link":"https:\/\/uj.adatbank.ro\/lexikon\/termek\/ziegler-laszlo\/","title":{"rendered":"ZIEGLER L\u00e1szl\u00f3"},"content":{"rendered":"<p>Mv., 1908., \u2020 Mv., 1990. aug. 23.: \u00fcgyv\u00e9d, dr. \u2013 Z. K\u00e1roly \u00e9s De\u00e1k Margit fia. Feles\u00e9ge: Nagy Eszter (\u2020 Mv., 1998. aug. 31.). \u2013 A II. vh.-ban tart. hadnagyi rangban vett r\u00e9szt. <br \/><strong>\u2013 Irod.:<\/strong> Berekm\u00e9ri; [Nekrol\u00f3g] (N\u00fa., 1990. aug. 28.).<\/br><\/p>\n","protected":false},"excerpt":{"rendered":"<p>Mv., 1908., \u2020 Mv., 1990. aug. 23.: \u00fcgyv\u00e9d, dr. \u2013 Z. K\u00e1roly \u00e9s De\u00e1k Margit fia. Feles\u00e9ge: Nagy Eszter (\u2020 Mv., 1998. aug. 31.). \u2013 A II. vh.-ban tart. hadnagyi rangban vett r\u00e9szt. \u2013 Irod.: Berekm\u00e9ri; [Nekrol\u00f3g] (N\u00fa., 1990. aug. 28.).<\/p>\n","protected":false},"featured_media":0,"comment_status":"open","ping_status":"closed","template":"","meta":[],"product_brand":[],"product_cat":[137],"product_tag":[],"class_list":{"0":"post-25115","1":"product","2":"type-product","3":"status-publish","5":"product_cat-maros-megyei-eletrajzi-lexikon","7":"first","8":"instock","9":"shipping-taxable","10":"product-type-simple"},"_links":{"self":[{"href":"https:\/\/uj.adatbank.ro\/lexikon\/wp-json\/wp\/v2\/product\/25115","targetHints":{"allow":["GET"]}}],"collection":[{"href":"https:\/\/uj.adatbank.ro\/lexikon\/wp-json\/wp\/v2\/product"}],"about":[{"href":"https:\/\/uj.adatbank.ro\/lexikon\/wp-json\/wp\/v2\/types\/product"}],"replies":[{"embeddable":true,"href":"https:\/\/uj.adatbank.ro\/lexikon\/wp-json\/wp\/v2\/comments?post=25115"}],"wp:attachment":[{"href":"https:\/\/uj.adatbank.ro\/lexikon\/wp-json\/wp\/v2\/media?parent=25115"}],"wp:term":[{"taxonomy":"product_brand","embeddable":true,"href":"https:\/\/uj.adatbank.ro\/lexikon\/wp-json\/wp\/v2\/product_brand?post=25115"},{"taxonomy":"product_cat","embeddable":true,"href":"https:\/\/uj.adatbank.ro\/lexikon\/wp-json\/wp\/v2\/product_cat?post=25115"},{"taxonomy":"product_tag","embeddable":true,"href":"https:\/\/uj.adatbank.ro\/lexikon\/wp-json\/wp\/v2\/product_tag?post=25115"}],"curies":[{"name":"wp","href":"https:\/\/api.w.org\/{rel}","templated":true}]}}