{"id":25116,"date":"2025-08-01T18:33:39","date_gmt":"2025-08-01T16:33:39","guid":{"rendered":"https:\/\/uj.adatbank.ro\/lexikon\/termek\/ziegler-marta-bartok-belane-ziegler-karolyne\/"},"modified":"2025-08-01T18:33:39","modified_gmt":"2025-08-01T16:33:39","slug":"ziegler-marta-bartok-belane-ziegler-karolyne","status":"publish","type":"product","link":"https:\/\/uj.adatbank.ro\/lexikon\/termek\/ziegler-marta-bartok-belane-ziegler-karolyne\/","title":{"rendered":"ZIEGLER M\u00e1rta, Bart\u00f3k B\u00e9l\u00e1n\u00e9, Ziegler K\u00e1rolyn\u00e9"},"content":{"rendered":"<p>Nagyszeben, 1893., okt. 19., \u2020\u00a0Bp., 1967. m\u00e1j. 14. \u2013 R\u00e9gi mv.-i orvos-\u00fcgyv\u00e9d csal\u00e1db\u00f3l sz\u00e1rmazik, Z. K\u00e1roly\/ Franz Karl csend\u0151rkapit\u00e1ny, majd alt\u00e1bornagy \u00e9s Rudolf Susanna le\u00e1nya. \u2013 F\u00e9rje: 1. Bart\u00f3k B\u00e9la (Nagyszentmikl\u00f3s, 1881. m\u00e1rc. 25. \u2013 New York, 1945. szept. 26.), zeneszerz\u0151, zenetud\u00f3s, zongoram\u0171v\u00e9sz. Esk\u00fcv\u0151: 1909. nov. 16. Fi\u00fak ifj. Bart\u00f3k B\u00e9la (Bp., 1910. aug. 22. \u2013 Bp., 1994. j\u00fan. 17.); 2. Ziegler K\u00e1roly (Kv., 1898. j\u00fan. 25. \u2013 Bp., 1985. jan. 22.) kult\u00farm\u00e9rn\u00f6k, miniszterhelyettes. Esk\u00fcv\u0151: 1923. Gyermekeik: Z. K\u00e1roly (Szeksz\u00e1rd, 1927. m\u00e1rc. 27. \u2013); Z. M\u00e1rta (Szeksz\u00e1rd, 1930. m\u00e1rc. 15. \u2013 Bp., 2007.). \u2013 Gyermekkor\u00e1ban Pozsonyban \u00e9ltek. Mag\u00e1n\u00faton tanult, szem\u00e9nek betegs\u00e9ge miatt. Pozsonyban hallotta Bart\u00f3kot j\u00e1tszani, aki majd \u00e9veken \u00e1t tan\u00edtotta zongor\u00e1zni. Mv.-en Z. K\u00e1rolyn\u00e1l, orvos nagyb\u00e1tyj\u00e1n\u00e1l lakott nyaranta, ahol hat unokafiv\u00e9r\u00e9vel egy\u00fctt nevelkedett, term\u00e9szettudom\u00e1nyos szellemben. Bart\u00f3k B. els\u0151 feles\u00e9ge 16 \u00e9ves kor\u00e1t\u00f3l 13 \u00e9ven \u00e1t (1909. nov. \u2013 1923). Bart\u00f3k is sz\u00edvesen t\u00f6lt\u00f6tt el heteket a mv.-i Ziegler-h\u00e1zban a Gecse D\u00e1niel utc\u00e1ban (ma \u015etefan cel Mare). 1912-ben itt nyaraltak, ekkor Bart\u00f3k hangversenyezett is a v\u00e1rosban; a k\u00f6vetkez\u0151 alkalommal, 1914 \u00e1prilis\u00e1ban Bart\u00f3k a G\u00f6rg\u00e9nyi-havasok m. falvaiban gy\u0171jt\u00f6tt n\u00e9pdalokat, m\u00edg M\u00e1rta a rom\u00e1n falvakban gy\u0171jt\u00f6tt. A gy\u0171jt\u00e9s ut\u00e1n utolj\u00e1ra pihentek egy\u00fctt n\u00e9h\u00e1ny napot Mv.-en. V\u00e1l\u00e1sa ut\u00e1n unokatestv\u00e9re Z. K\u00e1roly orvos, K\u00e1roly nev\u0171 fi\u00e1hoz ment feles\u00e9g\u00fcl. Kett\u0151j\u00fckr\u0151l, Bart\u00f3kr\u00f3l \u00e9s \u00f6nmag\u00e1r\u00f3l sz\u00f3l\u00f3 visszaeml\u00e9kez\u00e9se a Tizenh\u00e1rom esztend\u0151. <br \/><strong>\u2013 Irod.:<\/strong> Adamovits S\u00e1ndor: Bart\u00f3k eml\u00e9ke V\u00e1s\u00e1rhelyen (\u00daj Kezdet, 2005. nov., 11. sz.); Genersichek; Mv.-Bal\u00e1s; Sipos; Ziegler M\u00e1rta: Tizenh\u00e1rom esztend\u0151 (Igaz Sz\u00f3, 1970, 9. sz.).<\/br><\/p>\n","protected":false},"excerpt":{"rendered":"<p>Nagyszeben, 1893., okt. 19., \u2020\u00a0Bp., 1967. m\u00e1j. 14. \u2013 R\u00e9gi mv.-i orvos-\u00fcgyv\u00e9d csal\u00e1db\u00f3l sz\u00e1rmazik, Z. K\u00e1roly\/ Franz Karl csend\u0151rkapit\u00e1ny, majd alt\u00e1bornagy \u00e9s Rudolf Susanna le\u00e1nya. \u2013 F\u00e9rje: 1. Bart\u00f3k B\u00e9la (Nagyszentmikl\u00f3s, 1881. m\u00e1rc. 25. \u2013 New York, 1945. szept. 26.), zeneszerz\u0151, zenetud\u00f3s, zongoram\u0171v\u00e9sz. Esk\u00fcv\u0151: 1909. nov. 16. Fi\u00fak ifj. Bart\u00f3k B\u00e9la (Bp., 1910. aug. 22. [&hellip;]<\/p>\n","protected":false},"featured_media":0,"comment_status":"open","ping_status":"closed","template":"","meta":[],"product_brand":[],"product_cat":[137],"product_tag":[],"class_list":{"0":"post-25116","1":"product","2":"type-product","3":"status-publish","5":"product_cat-maros-megyei-eletrajzi-lexikon","7":"first","8":"instock","9":"shipping-taxable","10":"product-type-simple"},"_links":{"self":[{"href":"https:\/\/uj.adatbank.ro\/lexikon\/wp-json\/wp\/v2\/product\/25116","targetHints":{"allow":["GET"]}}],"collection":[{"href":"https:\/\/uj.adatbank.ro\/lexikon\/wp-json\/wp\/v2\/product"}],"about":[{"href":"https:\/\/uj.adatbank.ro\/lexikon\/wp-json\/wp\/v2\/types\/product"}],"replies":[{"embeddable":true,"href":"https:\/\/uj.adatbank.ro\/lexikon\/wp-json\/wp\/v2\/comments?post=25116"}],"wp:attachment":[{"href":"https:\/\/uj.adatbank.ro\/lexikon\/wp-json\/wp\/v2\/media?parent=25116"}],"wp:term":[{"taxonomy":"product_brand","embeddable":true,"href":"https:\/\/uj.adatbank.ro\/lexikon\/wp-json\/wp\/v2\/product_brand?post=25116"},{"taxonomy":"product_cat","embeddable":true,"href":"https:\/\/uj.adatbank.ro\/lexikon\/wp-json\/wp\/v2\/product_cat?post=25116"},{"taxonomy":"product_tag","embeddable":true,"href":"https:\/\/uj.adatbank.ro\/lexikon\/wp-json\/wp\/v2\/product_tag?post=25116"}],"curies":[{"name":"wp","href":"https:\/\/api.w.org\/{rel}","templated":true}]}}