{"id":25120,"date":"2025-08-01T18:33:50","date_gmt":"2025-08-01T16:33:50","guid":{"rendered":"https:\/\/uj.adatbank.ro\/lexikon\/termek\/zikeli-michael-czikeli-michael\/"},"modified":"2025-08-01T18:33:50","modified_gmt":"2025-08-01T16:33:50","slug":"zikeli-michael-czikeli-michael","status":"publish","type":"product","link":"https:\/\/uj.adatbank.ro\/lexikon\/termek\/zikeli-michael-czikeli-michael\/","title":{"rendered":"ZIKELI, Michael, Czikeli Michael"},"content":{"rendered":"<p>Vii\u015foara (Csat\u00f3falva), Dom\u00e1ld, 1847. \u00e1pr. 12., \u2020 K\u0151halom, 1929. j\u00fal. 15.: zenepedag\u00f3gus, zeneszerz\u0151, \u00edr\u00f3. \u2013 K\u0151halmon volt zeneigazgat\u00f3 (1872\u2013), k\u00f3rusvezet\u0151, \u00e9nek- \u00e9s heged\u0171tan\u00e1r. K\u00f3rusm\u0171vei n\u00e9meto.-i \u00e9s sv\u00e1jci dalgy\u0171jtem\u00e9nyekben jelentek meg, cikkei az erd\u00e9lyi zene\u00e9letr\u0151l sz\u00f3ltak. <br \/><strong>\u2013 Irod.:<\/strong> LSS.<\/br><\/p>\n","protected":false},"excerpt":{"rendered":"<p>Vii\u015foara (Csat\u00f3falva), Dom\u00e1ld, 1847. \u00e1pr. 12., \u2020 K\u0151halom, 1929. j\u00fal. 15.: zenepedag\u00f3gus, zeneszerz\u0151, \u00edr\u00f3. \u2013 K\u0151halmon volt zeneigazgat\u00f3 (1872\u2013), k\u00f3rusvezet\u0151, \u00e9nek- \u00e9s heged\u0171tan\u00e1r. K\u00f3rusm\u0171vei n\u00e9meto.-i \u00e9s sv\u00e1jci dalgy\u0171jtem\u00e9nyekben jelentek meg, cikkei az erd\u00e9lyi zene\u00e9letr\u0151l sz\u00f3ltak. \u2013 Irod.: LSS.<\/p>\n","protected":false},"featured_media":0,"comment_status":"open","ping_status":"closed","template":"","meta":[],"product_brand":[],"product_cat":[137],"product_tag":[],"class_list":{"0":"post-25120","1":"product","2":"type-product","3":"status-publish","5":"product_cat-maros-megyei-eletrajzi-lexikon","7":"first","8":"instock","9":"shipping-taxable","10":"product-type-simple"},"_links":{"self":[{"href":"https:\/\/uj.adatbank.ro\/lexikon\/wp-json\/wp\/v2\/product\/25120","targetHints":{"allow":["GET"]}}],"collection":[{"href":"https:\/\/uj.adatbank.ro\/lexikon\/wp-json\/wp\/v2\/product"}],"about":[{"href":"https:\/\/uj.adatbank.ro\/lexikon\/wp-json\/wp\/v2\/types\/product"}],"replies":[{"embeddable":true,"href":"https:\/\/uj.adatbank.ro\/lexikon\/wp-json\/wp\/v2\/comments?post=25120"}],"wp:attachment":[{"href":"https:\/\/uj.adatbank.ro\/lexikon\/wp-json\/wp\/v2\/media?parent=25120"}],"wp:term":[{"taxonomy":"product_brand","embeddable":true,"href":"https:\/\/uj.adatbank.ro\/lexikon\/wp-json\/wp\/v2\/product_brand?post=25120"},{"taxonomy":"product_cat","embeddable":true,"href":"https:\/\/uj.adatbank.ro\/lexikon\/wp-json\/wp\/v2\/product_cat?post=25120"},{"taxonomy":"product_tag","embeddable":true,"href":"https:\/\/uj.adatbank.ro\/lexikon\/wp-json\/wp\/v2\/product_tag?post=25120"}],"curies":[{"name":"wp","href":"https:\/\/api.w.org\/{rel}","templated":true}]}}