{"id":25125,"date":"2025-08-01T18:34:01","date_gmt":"2025-08-01T16:34:01","guid":{"rendered":"https:\/\/uj.adatbank.ro\/lexikon\/termek\/zilahi-jozsef-2\/"},"modified":"2025-08-01T18:34:01","modified_gmt":"2025-08-01T16:34:01","slug":"zilahi-jozsef-2","status":"publish","type":"product","link":"https:\/\/uj.adatbank.ro\/lexikon\/termek\/zilahi-jozsef-2\/","title":{"rendered":"ZILAHI J\u00f3zsef"},"content":{"rendered":"<p>?: \u2020 ?: t\u0151rv\u00edv\u00f3. \u2013 Mv.-r\u0151l indult, a CCA (Casa Central\u0103 a Armatei) Bukarest sportklub tagja. <br \/><strong>\u2013 Irod.:<\/strong> Kl\u00f3sz\u2013Tolok\u00e1n.<\/br><\/p>\n","protected":false},"excerpt":{"rendered":"<p>?: \u2020 ?: t\u0151rv\u00edv\u00f3. \u2013 Mv.-r\u0151l indult, a CCA (Casa Central\u0103 a Armatei) Bukarest sportklub tagja. \u2013 Irod.: Kl\u00f3sz\u2013Tolok\u00e1n.<\/p>\n","protected":false},"featured_media":0,"comment_status":"open","ping_status":"closed","template":"","meta":[],"product_brand":[],"product_cat":[137],"product_tag":[],"class_list":{"0":"post-25125","1":"product","2":"type-product","3":"status-publish","5":"product_cat-maros-megyei-eletrajzi-lexikon","7":"first","8":"instock","9":"shipping-taxable","10":"product-type-simple"},"_links":{"self":[{"href":"https:\/\/uj.adatbank.ro\/lexikon\/wp-json\/wp\/v2\/product\/25125","targetHints":{"allow":["GET"]}}],"collection":[{"href":"https:\/\/uj.adatbank.ro\/lexikon\/wp-json\/wp\/v2\/product"}],"about":[{"href":"https:\/\/uj.adatbank.ro\/lexikon\/wp-json\/wp\/v2\/types\/product"}],"replies":[{"embeddable":true,"href":"https:\/\/uj.adatbank.ro\/lexikon\/wp-json\/wp\/v2\/comments?post=25125"}],"wp:attachment":[{"href":"https:\/\/uj.adatbank.ro\/lexikon\/wp-json\/wp\/v2\/media?parent=25125"}],"wp:term":[{"taxonomy":"product_brand","embeddable":true,"href":"https:\/\/uj.adatbank.ro\/lexikon\/wp-json\/wp\/v2\/product_brand?post=25125"},{"taxonomy":"product_cat","embeddable":true,"href":"https:\/\/uj.adatbank.ro\/lexikon\/wp-json\/wp\/v2\/product_cat?post=25125"},{"taxonomy":"product_tag","embeddable":true,"href":"https:\/\/uj.adatbank.ro\/lexikon\/wp-json\/wp\/v2\/product_tag?post=25125"}],"curies":[{"name":"wp","href":"https:\/\/api.w.org\/{rel}","templated":true}]}}