{"id":25126,"date":"2025-08-01T18:34:02","date_gmt":"2025-08-01T16:34:02","guid":{"rendered":"https:\/\/uj.adatbank.ro\/lexikon\/termek\/zilahi-lajos\/"},"modified":"2025-08-01T18:34:02","modified_gmt":"2025-08-01T16:34:02","slug":"zilahi-lajos","status":"publish","type":"product","link":"https:\/\/uj.adatbank.ro\/lexikon\/termek\/zilahi-lajos\/","title":{"rendered":"ZILAHI Lajos"},"content":{"rendered":"<p>? \u2020\u00a0?: oskolamester K\u00f6lp\u00e9nyben (17. sz. elej\u00e9n). <br \/><strong>\u2013 Irod.:<\/strong> Nagy P\u00e1l: Falu a Korh\u00e1ny alatt (Sz\u00e9kelyf\u00f6ld, 2006, 5. sz.).<\/br><\/p>\n","protected":false},"excerpt":{"rendered":"<p>? \u2020\u00a0?: oskolamester K\u00f6lp\u00e9nyben (17. sz. elej\u00e9n). \u2013 Irod.: Nagy P\u00e1l: Falu a Korh\u00e1ny alatt (Sz\u00e9kelyf\u00f6ld, 2006, 5. sz.).<\/p>\n","protected":false},"featured_media":0,"comment_status":"open","ping_status":"closed","template":"","meta":[],"product_brand":[],"product_cat":[137],"product_tag":[],"class_list":{"0":"post-25126","1":"product","2":"type-product","3":"status-publish","5":"product_cat-maros-megyei-eletrajzi-lexikon","7":"first","8":"instock","9":"shipping-taxable","10":"product-type-simple"},"_links":{"self":[{"href":"https:\/\/uj.adatbank.ro\/lexikon\/wp-json\/wp\/v2\/product\/25126","targetHints":{"allow":["GET"]}}],"collection":[{"href":"https:\/\/uj.adatbank.ro\/lexikon\/wp-json\/wp\/v2\/product"}],"about":[{"href":"https:\/\/uj.adatbank.ro\/lexikon\/wp-json\/wp\/v2\/types\/product"}],"replies":[{"embeddable":true,"href":"https:\/\/uj.adatbank.ro\/lexikon\/wp-json\/wp\/v2\/comments?post=25126"}],"wp:attachment":[{"href":"https:\/\/uj.adatbank.ro\/lexikon\/wp-json\/wp\/v2\/media?parent=25126"}],"wp:term":[{"taxonomy":"product_brand","embeddable":true,"href":"https:\/\/uj.adatbank.ro\/lexikon\/wp-json\/wp\/v2\/product_brand?post=25126"},{"taxonomy":"product_cat","embeddable":true,"href":"https:\/\/uj.adatbank.ro\/lexikon\/wp-json\/wp\/v2\/product_cat?post=25126"},{"taxonomy":"product_tag","embeddable":true,"href":"https:\/\/uj.adatbank.ro\/lexikon\/wp-json\/wp\/v2\/product_tag?post=25126"}],"curies":[{"name":"wp","href":"https:\/\/api.w.org\/{rel}","templated":true}]}}