{"id":25128,"date":"2025-08-01T18:34:07","date_gmt":"2025-08-01T16:34:07","guid":{"rendered":"https:\/\/uj.adatbank.ro\/lexikon\/termek\/zilahi-samuel-zilai-samuel\/"},"modified":"2025-08-01T18:34:07","modified_gmt":"2025-08-01T16:34:07","slug":"zilahi-samuel-zilai-samuel","status":"publish","type":"product","link":"https:\/\/uj.adatbank.ro\/lexikon\/termek\/zilahi-samuel-zilai-samuel\/","title":{"rendered":"ZILAHI S\u00e1muel; Zilai S\u00e1muel"},"content":{"rendered":"<p>Mv., 1753, \u2020 Mv., 1800. j\u00fan. 16.: tan\u00e1r, k\u00f6lt\u0151, ref. egyh\u00e1zi \u00edr\u00f3. \u2013 Feles\u00e9ge Rosnyai M\u00e1ria. \u2013 A mv.-i Rref. Koll. fels\u0151bb oszt\u00e1ly\u00e1nak di\u00e1kja (1711\u2013), a koll.-i k\u00f6nyvt\u00e1r di\u00e1k k\u00f6nyvt\u00e1rosa (1776\u201380). Kov\u00e1sznai S\u00e1ndor tan\u00edtv\u00e1nya (1776\u201480). Utrechtben \u0151 v\u00e9gezte a nyomdai korrekt\u00far\u00e1t. Az utrechti egy.-en (1781\u201384), majd n\u00e9h\u00e1ny h\u00f3napig a heidelbergi egy.-en tanult (1784). A mv.-i Ref. Koll.-ban seg\u00e9d- (1788\u2013), majd rendes tan\u00e1r, nyelveket \u00e9s t\u00f6rt\u00e9nelmet tan\u00edtott (1792\u20131800), s a koll. rektora (1798\u20131800). Tan\u00e1ri hivatala mellett a ref. koll.-i k\u00f6nyvt\u00e1r rendszeres rendez\u00e9s\u00e9vel is foglalkozott. Levelez\u00e9st folytatott id. R\u00e1dai Gedeonnal \u00e9s azon igyekezett, hogy Kov\u00e1sznai T. S\u00e1ndornak m\u00e9lt\u00f3 ut\u00f3da legyen. Utrechtben m. szerz\u0151k fontos munk\u00e1it adta ki (Kov\u00e1sznai T\u00f3th S\u00e1ndor: Carmina exequialia, 1782; Kov\u00e1sznai T\u00f3th S\u00e1ndor: Oratio ad inaugurandum audit\u00f3rium, 1783; Janus Pannonius versei, 1784). \u00dajra megjelentette Zr\u00ednyi Mikl\u00f3s: Ne b\u00e1ntsd a magyart! (Mv., 1790) Zr\u00ednyi Mikl\u00f3s: T\u00f6r\u00f6k \u00e1fium c. m\u0171v\u00e9t! (Mv., 1790) c. m\u0171v\u00e9t; kiadta L\u00e1z\u00e1r J\u00e1nos h\u00e1trahagyott verseit K\u00fcl\u00f6mb-k\u00fcl\u00f6mbf\u00e9le vil\u00e1gi dolgokat az erk\u00f6lts\u00f6kre szabogat\u00f3 magyar versek c\u00edmmel (1795). Fennmaradt Erd\u00e9lyorsz\u00e1gnak r\u00f6vid hist\u00f3ri\u00e1ja (1774) c. k\u00e9ziratos m\u0171ve \u00e9s napl\u00f3ja: N\u00e9melly, Collegiumunkban &#8216;s m\u00e1sutt is t\u00f6rt\u00e9nt nevezetesebb dolgoknak leir\u00e1sa c. alatt (1776). Az Erd\u00e9lyi M. Nyelvm\u00edvel\u0151 T\u00e1rs. tagja. <br \/><strong>\u2013 Irod.:<\/strong> Csekme; Er\u0151s v\u00e1runk; Fogarasi; Id\u0151t\u00e1r 1; Koncz; Kov\u00e1sznai S\u00e1ndor: Az \u00c9sz igaz \u00fatj\u00e1n (Buk., 1970); H\u00edres polg\u00e1rok; Kov\u00e1sznai; Kr\u00f3n F\u00fcz. (1939, 4\/8); P\u00e1lmay J\u00f3zsef; Sebesty\u00e9n Mih\u00e1ly: Z. S. \u00e9s a Mv.-i Reform\u00e1tus Koll\u00e9gium k\u00f6nyvt\u00e1ra (Erd. M\u00faz., 1995); Szab\u00f3\u2013Sz\u00f6gi; Telekiek; Thury; \u00daM\u00c9L.<\/br><\/p>\n","protected":false},"excerpt":{"rendered":"<p>Mv., 1753, \u2020 Mv., 1800. j\u00fan. 16.: tan\u00e1r, k\u00f6lt\u0151, ref. egyh\u00e1zi \u00edr\u00f3. \u2013 Feles\u00e9ge Rosnyai M\u00e1ria. \u2013 A mv.-i Rref. Koll. fels\u0151bb oszt\u00e1ly\u00e1nak di\u00e1kja (1711\u2013), a koll.-i k\u00f6nyvt\u00e1r di\u00e1k k\u00f6nyvt\u00e1rosa (1776\u201380). Kov\u00e1sznai S\u00e1ndor tan\u00edtv\u00e1nya (1776\u201480). Utrechtben \u0151 v\u00e9gezte a nyomdai korrekt\u00far\u00e1t. Az utrechti egy.-en (1781\u201384), majd n\u00e9h\u00e1ny h\u00f3napig a heidelbergi egy.-en tanult (1784). A mv.-i [&hellip;]<\/p>\n","protected":false},"featured_media":0,"comment_status":"open","ping_status":"closed","template":"","meta":[],"product_brand":[],"product_cat":[137],"product_tag":[],"class_list":{"0":"post-25128","1":"product","2":"type-product","3":"status-publish","5":"product_cat-maros-megyei-eletrajzi-lexikon","7":"first","8":"instock","9":"shipping-taxable","10":"product-type-simple"},"_links":{"self":[{"href":"https:\/\/uj.adatbank.ro\/lexikon\/wp-json\/wp\/v2\/product\/25128","targetHints":{"allow":["GET"]}}],"collection":[{"href":"https:\/\/uj.adatbank.ro\/lexikon\/wp-json\/wp\/v2\/product"}],"about":[{"href":"https:\/\/uj.adatbank.ro\/lexikon\/wp-json\/wp\/v2\/types\/product"}],"replies":[{"embeddable":true,"href":"https:\/\/uj.adatbank.ro\/lexikon\/wp-json\/wp\/v2\/comments?post=25128"}],"wp:attachment":[{"href":"https:\/\/uj.adatbank.ro\/lexikon\/wp-json\/wp\/v2\/media?parent=25128"}],"wp:term":[{"taxonomy":"product_brand","embeddable":true,"href":"https:\/\/uj.adatbank.ro\/lexikon\/wp-json\/wp\/v2\/product_brand?post=25128"},{"taxonomy":"product_cat","embeddable":true,"href":"https:\/\/uj.adatbank.ro\/lexikon\/wp-json\/wp\/v2\/product_cat?post=25128"},{"taxonomy":"product_tag","embeddable":true,"href":"https:\/\/uj.adatbank.ro\/lexikon\/wp-json\/wp\/v2\/product_tag?post=25128"}],"curies":[{"name":"wp","href":"https:\/\/api.w.org\/{rel}","templated":true}]}}