{"id":25135,"date":"2025-08-01T18:34:24","date_gmt":"2025-08-01T16:34:24","guid":{"rendered":"https:\/\/uj.adatbank.ro\/lexikon\/termek\/zilai-sebess-gyula-zilahi-s-gyula\/"},"modified":"2025-08-01T18:34:24","modified_gmt":"2025-08-01T16:34:24","slug":"zilai-sebess-gyula-zilahi-s-gyula","status":"publish","type":"product","link":"https:\/\/uj.adatbank.ro\/lexikon\/termek\/zilai-sebess-gyula-zilahi-s-gyula\/","title":{"rendered":"ZILAI SEBESS Gyula, Zilahi S. Gyula"},"content":{"rendered":"<p>1844. ? \u2020 Mv., 1920. nov. 23.: f\u0151szolgab\u00edr\u00f3. \u2013 Maros-Torda megye f\u0151szolgab\u00edr\u00f3ja, a marosi ref. egyh\u00e1zmegye k\u00e9pvisel\u0151je, a K\u00f6zhaszn\u00fa Takar\u00e9kp\u00e9nzt\u00e1r R. T. alap\u00edt\u00f3 igazgat\u00f3s\u00e1gi tagja. <br \/><strong>\u2013 Irod.:<\/strong> Gy\u00e1szjelent\u0151.<\/br><\/p>\n","protected":false},"excerpt":{"rendered":"<p>1844. ? \u2020 Mv., 1920. nov. 23.: f\u0151szolgab\u00edr\u00f3. \u2013 Maros-Torda megye f\u0151szolgab\u00edr\u00f3ja, a marosi ref. egyh\u00e1zmegye k\u00e9pvisel\u0151je, a K\u00f6zhaszn\u00fa Takar\u00e9kp\u00e9nzt\u00e1r R. T. alap\u00edt\u00f3 igazgat\u00f3s\u00e1gi tagja. \u2013 Irod.: Gy\u00e1szjelent\u0151.<\/p>\n","protected":false},"featured_media":0,"comment_status":"open","ping_status":"closed","template":"","meta":[],"product_brand":[],"product_cat":[137],"product_tag":[],"class_list":{"0":"post-25135","1":"product","2":"type-product","3":"status-publish","5":"product_cat-maros-megyei-eletrajzi-lexikon","7":"first","8":"instock","9":"shipping-taxable","10":"product-type-simple"},"_links":{"self":[{"href":"https:\/\/uj.adatbank.ro\/lexikon\/wp-json\/wp\/v2\/product\/25135","targetHints":{"allow":["GET"]}}],"collection":[{"href":"https:\/\/uj.adatbank.ro\/lexikon\/wp-json\/wp\/v2\/product"}],"about":[{"href":"https:\/\/uj.adatbank.ro\/lexikon\/wp-json\/wp\/v2\/types\/product"}],"replies":[{"embeddable":true,"href":"https:\/\/uj.adatbank.ro\/lexikon\/wp-json\/wp\/v2\/comments?post=25135"}],"wp:attachment":[{"href":"https:\/\/uj.adatbank.ro\/lexikon\/wp-json\/wp\/v2\/media?parent=25135"}],"wp:term":[{"taxonomy":"product_brand","embeddable":true,"href":"https:\/\/uj.adatbank.ro\/lexikon\/wp-json\/wp\/v2\/product_brand?post=25135"},{"taxonomy":"product_cat","embeddable":true,"href":"https:\/\/uj.adatbank.ro\/lexikon\/wp-json\/wp\/v2\/product_cat?post=25135"},{"taxonomy":"product_tag","embeddable":true,"href":"https:\/\/uj.adatbank.ro\/lexikon\/wp-json\/wp\/v2\/product_tag?post=25135"}],"curies":[{"name":"wp","href":"https:\/\/api.w.org\/{rel}","templated":true}]}}