{"id":25137,"date":"2025-08-01T18:34:27","date_gmt":"2025-08-01T16:34:27","guid":{"rendered":"https:\/\/uj.adatbank.ro\/lexikon\/termek\/zillmann-jeno-richard\/"},"modified":"2025-08-01T18:34:27","modified_gmt":"2025-08-01T16:34:27","slug":"zillmann-jeno-richard","status":"publish","type":"product","link":"https:\/\/uj.adatbank.ro\/lexikon\/termek\/zillmann-jeno-richard\/","title":{"rendered":"ZILLMANN Jen\u0151 Richard"},"content":{"rendered":"<p>Segesv\u00e1r, 1935. aug. 11. \u2020\u00a0Erd\u0151szentgy\u00f6rgy, 2007. j\u00fan.7.: orvos. \u2013 K\u00f6rorvos volt Oroszhegyen, Gyulakut\u00e1n, Havadon. A n\u00e9pi orvosl\u00e1s kutat\u00f3ja, a havadi kutat\u00f3csoport tagja. <br \/><strong>\u2013 Irod.:<\/strong> [Nekrol\u00f3g] (N\u00fa., 2007. j\u00fan. 9.).<\/br><\/p>\n","protected":false},"excerpt":{"rendered":"<p>Segesv\u00e1r, 1935. aug. 11. \u2020\u00a0Erd\u0151szentgy\u00f6rgy, 2007. j\u00fan.7.: orvos. \u2013 K\u00f6rorvos volt Oroszhegyen, Gyulakut\u00e1n, Havadon. A n\u00e9pi orvosl\u00e1s kutat\u00f3ja, a havadi kutat\u00f3csoport tagja. \u2013 Irod.: [Nekrol\u00f3g] (N\u00fa., 2007. j\u00fan. 9.).<\/p>\n","protected":false},"featured_media":0,"comment_status":"open","ping_status":"closed","template":"","meta":[],"product_brand":[],"product_cat":[137],"product_tag":[],"class_list":{"0":"post-25137","1":"product","2":"type-product","3":"status-publish","5":"product_cat-maros-megyei-eletrajzi-lexikon","7":"first","8":"instock","9":"shipping-taxable","10":"product-type-simple"},"_links":{"self":[{"href":"https:\/\/uj.adatbank.ro\/lexikon\/wp-json\/wp\/v2\/product\/25137","targetHints":{"allow":["GET"]}}],"collection":[{"href":"https:\/\/uj.adatbank.ro\/lexikon\/wp-json\/wp\/v2\/product"}],"about":[{"href":"https:\/\/uj.adatbank.ro\/lexikon\/wp-json\/wp\/v2\/types\/product"}],"replies":[{"embeddable":true,"href":"https:\/\/uj.adatbank.ro\/lexikon\/wp-json\/wp\/v2\/comments?post=25137"}],"wp:attachment":[{"href":"https:\/\/uj.adatbank.ro\/lexikon\/wp-json\/wp\/v2\/media?parent=25137"}],"wp:term":[{"taxonomy":"product_brand","embeddable":true,"href":"https:\/\/uj.adatbank.ro\/lexikon\/wp-json\/wp\/v2\/product_brand?post=25137"},{"taxonomy":"product_cat","embeddable":true,"href":"https:\/\/uj.adatbank.ro\/lexikon\/wp-json\/wp\/v2\/product_cat?post=25137"},{"taxonomy":"product_tag","embeddable":true,"href":"https:\/\/uj.adatbank.ro\/lexikon\/wp-json\/wp\/v2\/product_tag?post=25137"}],"curies":[{"name":"wp","href":"https:\/\/api.w.org\/{rel}","templated":true}]}}