{"id":25139,"date":"2025-08-01T18:34:34","date_gmt":"2025-08-01T16:34:34","guid":{"rendered":"https:\/\/uj.adatbank.ro\/lexikon\/termek\/zimanyi-peter-gabor\/"},"modified":"2025-08-01T18:34:34","modified_gmt":"2025-08-01T16:34:34","slug":"zimanyi-peter-gabor","status":"publish","type":"product","link":"https:\/\/uj.adatbank.ro\/lexikon\/termek\/zimanyi-peter-gabor\/","title":{"rendered":"ZIM\u00c1NYI P\u00e9ter G\u00e1bor"},"content":{"rendered":"<p>1936., \u2020 Mv., 2009. j\u00fan. 6.: m\u00e9rn\u00f6k. \u2013 A gyulakutai h\u0151er\u0151m\u0171 m\u00e9rn\u00f6ke. <br \/><strong>\u2013 Irod.:<\/strong> [Nekrol\u00f3g] (V\u00e1s\u00e1rhelyi H\u00edrlap, 2009. j\u00fan. 9.).<\/br><\/p>\n","protected":false},"excerpt":{"rendered":"<p>1936., \u2020 Mv., 2009. j\u00fan. 6.: m\u00e9rn\u00f6k. \u2013 A gyulakutai h\u0151er\u0151m\u0171 m\u00e9rn\u00f6ke. \u2013 Irod.: [Nekrol\u00f3g] (V\u00e1s\u00e1rhelyi H\u00edrlap, 2009. j\u00fan. 9.).<\/p>\n","protected":false},"featured_media":0,"comment_status":"open","ping_status":"closed","template":"","meta":[],"product_brand":[],"product_cat":[137],"product_tag":[],"class_list":{"0":"post-25139","1":"product","2":"type-product","3":"status-publish","5":"product_cat-maros-megyei-eletrajzi-lexikon","7":"first","8":"instock","9":"shipping-taxable","10":"product-type-simple"},"_links":{"self":[{"href":"https:\/\/uj.adatbank.ro\/lexikon\/wp-json\/wp\/v2\/product\/25139","targetHints":{"allow":["GET"]}}],"collection":[{"href":"https:\/\/uj.adatbank.ro\/lexikon\/wp-json\/wp\/v2\/product"}],"about":[{"href":"https:\/\/uj.adatbank.ro\/lexikon\/wp-json\/wp\/v2\/types\/product"}],"replies":[{"embeddable":true,"href":"https:\/\/uj.adatbank.ro\/lexikon\/wp-json\/wp\/v2\/comments?post=25139"}],"wp:attachment":[{"href":"https:\/\/uj.adatbank.ro\/lexikon\/wp-json\/wp\/v2\/media?parent=25139"}],"wp:term":[{"taxonomy":"product_brand","embeddable":true,"href":"https:\/\/uj.adatbank.ro\/lexikon\/wp-json\/wp\/v2\/product_brand?post=25139"},{"taxonomy":"product_cat","embeddable":true,"href":"https:\/\/uj.adatbank.ro\/lexikon\/wp-json\/wp\/v2\/product_cat?post=25139"},{"taxonomy":"product_tag","embeddable":true,"href":"https:\/\/uj.adatbank.ro\/lexikon\/wp-json\/wp\/v2\/product_tag?post=25139"}],"curies":[{"name":"wp","href":"https:\/\/api.w.org\/{rel}","templated":true}]}}