{"id":25140,"date":"2025-08-01T18:34:36","date_gmt":"2025-08-01T16:34:36","guid":{"rendered":"https:\/\/uj.adatbank.ro\/lexikon\/termek\/zimanyi-peterne-sz-tokes-gabriella-erna\/"},"modified":"2025-08-01T18:34:36","modified_gmt":"2025-08-01T16:34:36","slug":"zimanyi-peterne-sz-tokes-gabriella-erna","status":"publish","type":"product","link":"https:\/\/uj.adatbank.ro\/lexikon\/termek\/zimanyi-peterne-sz-tokes-gabriella-erna\/","title":{"rendered":"ZIM\u00c1NYI P\u00e9tern\u00e9, sz. T\u0151k\u00e9s Gabriella Erna"},"content":{"rendered":"<p>1911, \u2020 Mv., 2004. jan. 10.: tan\u00e1r. \u2013 A Mv.-i M. Kir. \u00c1llami Tan\u00edt\u00f3k\u00e9pz\u0151 Int\u00e9zet \u00e9s L\u00edc. tan\u00e1ra (1943\u201344). <br \/><strong>\u2013 Irod.:<\/strong> [Nekrol\u00f3g] (N\u00fa., 2004. jan. 12.); Szab\u00f3 K. Attila.<\/br><\/p>\n","protected":false},"excerpt":{"rendered":"<p>1911, \u2020 Mv., 2004. jan. 10.: tan\u00e1r. \u2013 A Mv.-i M. Kir. \u00c1llami Tan\u00edt\u00f3k\u00e9pz\u0151 Int\u00e9zet \u00e9s L\u00edc. tan\u00e1ra (1943\u201344). \u2013 Irod.: [Nekrol\u00f3g] (N\u00fa., 2004. jan. 12.); Szab\u00f3 K. Attila.<\/p>\n","protected":false},"featured_media":0,"comment_status":"open","ping_status":"closed","template":"","meta":[],"product_brand":[],"product_cat":[137],"product_tag":[],"class_list":{"0":"post-25140","1":"product","2":"type-product","3":"status-publish","5":"product_cat-maros-megyei-eletrajzi-lexikon","7":"first","8":"instock","9":"shipping-taxable","10":"product-type-simple"},"_links":{"self":[{"href":"https:\/\/uj.adatbank.ro\/lexikon\/wp-json\/wp\/v2\/product\/25140","targetHints":{"allow":["GET"]}}],"collection":[{"href":"https:\/\/uj.adatbank.ro\/lexikon\/wp-json\/wp\/v2\/product"}],"about":[{"href":"https:\/\/uj.adatbank.ro\/lexikon\/wp-json\/wp\/v2\/types\/product"}],"replies":[{"embeddable":true,"href":"https:\/\/uj.adatbank.ro\/lexikon\/wp-json\/wp\/v2\/comments?post=25140"}],"wp:attachment":[{"href":"https:\/\/uj.adatbank.ro\/lexikon\/wp-json\/wp\/v2\/media?parent=25140"}],"wp:term":[{"taxonomy":"product_brand","embeddable":true,"href":"https:\/\/uj.adatbank.ro\/lexikon\/wp-json\/wp\/v2\/product_brand?post=25140"},{"taxonomy":"product_cat","embeddable":true,"href":"https:\/\/uj.adatbank.ro\/lexikon\/wp-json\/wp\/v2\/product_cat?post=25140"},{"taxonomy":"product_tag","embeddable":true,"href":"https:\/\/uj.adatbank.ro\/lexikon\/wp-json\/wp\/v2\/product_tag?post=25140"}],"curies":[{"name":"wp","href":"https:\/\/api.w.org\/{rel}","templated":true}]}}